{"id":32,"date":"2025-07-06T21:15:30","date_gmt":"2025-07-06T18:15:30","guid":{"rendered":"http:\/\/ganoyanimda.com.tr\/?page_id=32"},"modified":"2025-07-09T20:58:35","modified_gmt":"2025-07-09T17:58:35","slug":"hakkimizda","status":"publish","type":"page","link":"https:\/\/ganoyanimda.com.tr\/?page_id=32","title":{"rendered":"HAKKIMIZDA"},"content":{"rendered":"\t\t<div data-elementor-type=\"wp-page\" data-elementor-id=\"32\" class=\"elementor elementor-32\">\n\t\t\t\t\t\t<section class=\"has_eae_slider elementor-section elementor-top-section elementor-element elementor-element-06530e1 elementor-section-boxed elementor-section-height-default elementor-section-height-default\" data-eae-slider=\"81626\" data-id=\"06530e1\" data-element_type=\"section\">\n\t\t\t\t\t\t<div class=\"elementor-container elementor-column-gap-default\">\n\t\t\t\t\t<div class=\"has_eae_slider elementor-column elementor-col-100 elementor-top-column elementor-element elementor-element-fb3a4db\" data-eae-slider=\"12291\" data-id=\"fb3a4db\" data-element_type=\"column\">\n\t\t\t<div class=\"elementor-widget-wrap elementor-element-populated\">\n\t\t\t\t\t\t<div class=\"elementor-element elementor-element-139d1ce elementor-widget elementor-widget-image\" data-id=\"139d1ce\" data-element_type=\"widget\" data-widget_type=\"image.default\">\n\t\t\t\t\t\t\t\t\t\t\t\t\t\t\t<img fetchpriority=\"high\" decoding=\"async\" width=\"1283\" height=\"330\" src=\"https:\/\/ganoyanimda.com.tr\/wp-content\/uploads\/2025\/07\/hakkimizda_ganoexcel-1.jpg\" class=\"attachment-full size-full wp-image-200\" alt=\"\" srcset=\"https:\/\/ganoyanimda.com.tr\/wp-content\/uploads\/2025\/07\/hakkimizda_ganoexcel-1.jpg 1283w, https:\/\/ganoyanimda.com.tr\/wp-content\/uploads\/2025\/07\/hakkimizda_ganoexcel-1-300x77.jpg 300w, https:\/\/ganoyanimda.com.tr\/wp-content\/uploads\/2025\/07\/hakkimizda_ganoexcel-1-1024x263.jpg 1024w, https:\/\/ganoyanimda.com.tr\/wp-content\/uploads\/2025\/07\/hakkimizda_ganoexcel-1-768x198.jpg 768w\" sizes=\"(max-width: 1283px) 100vw, 1283px\" \/>\t\t\t\t\t\t\t\t\t\t\t\t\t\t\t<\/div>\n\t\t\t\t\t<\/div>\n\t\t<\/div>\n\t\t\t\t\t<\/div>\n\t\t<\/section>\n\t\t\t\t<section class=\"has_eae_slider elementor-section elementor-top-section elementor-element elementor-element-9044434 elementor-section-boxed elementor-section-height-default elementor-section-height-default\" data-eae-slider=\"45803\" data-id=\"9044434\" data-element_type=\"section\">\n\t\t\t\t\t\t<div class=\"elementor-container elementor-column-gap-default\">\n\t\t\t\t\t<div class=\"has_eae_slider elementor-column elementor-col-50 elementor-top-column elementor-element elementor-element-be91e80\" data-eae-slider=\"15673\" data-id=\"be91e80\" data-element_type=\"column\">\n\t\t\t<div class=\"elementor-widget-wrap elementor-element-populated\">\n\t\t\t\t\t\t<div class=\"elementor-element elementor-element-2e90456 elementor-widget elementor-widget-text-editor\" data-id=\"2e90456\" data-element_type=\"widget\" data-widget_type=\"text-editor.default\">\n\t\t\t\t\t\t\t\t\t<p class=\"lead\">Gano Excel Industries Sdn. Bhd. d\u00fcnyan\u0131n d\u00f6rt bir yan\u0131nda, sa\u011fl\u0131k ve zindelik sekt\u00f6r\u00fcnde network marketing sistemi ile \u00e7al\u0131\u015fan, k\u00f6kl\u00fc ve \u00f6nc\u00fc \u015firketlerden birisidir. 1983 y\u0131l\u0131nda at\u0131lan \u015firketin temelleri, 12 y\u0131ll\u0131k AR-GE \u00e7al\u0131\u015fmalar\u0131 sonucunda, 1995 y\u0131l\u0131nda \u2018\u2018GANO EXCEL INTERNATIONAL\u2019\u2019 olarak NETWORK MARKETING d\u00fcnyas\u0131ndaki yerini alm\u0131\u015ft\u0131r.<\/p><p>\u015eirketimiz \u00fcr\u00fcnlerini, 4.000 y\u0131l \u00f6nceye dayanan antik d\u00f6nemde, \u201cBitkilerin Mucizevi Kral\u0131\u201d olarak kabul g\u00f6ren Ganoderma Lucidum \u00f6zlerinden \u00fcretmektedir. \u00dcr\u00fcnlerimizin temel hammaddesi olan \u201cGanoderma Lucidum Mantar\u0131n\u0131\u201d %100 organik olarak Malezya&#8217;n\u0131n Kedah eyaletindeki kendi \u00e7iftliklerimizde, yeti\u015ftirmekteyiz. Bir zamanlar sadece kraliyet ailelerinin sofralar\u0131nda bulunabilen bu \u015fifal\u0131 bitki art\u0131k Gano Excel\u2122 ile evlerinize kadar gelebilmektedir.<\/p>\t\t\t\t\t\t\t\t<\/div>\n\t\t\t\t\t<\/div>\n\t\t<\/div>\n\t\t\t\t<div class=\"has_eae_slider elementor-column elementor-col-50 elementor-top-column elementor-element elementor-element-09ad995\" data-eae-slider=\"66853\" data-id=\"09ad995\" data-element_type=\"column\">\n\t\t\t<div class=\"elementor-widget-wrap elementor-element-populated\">\n\t\t\t\t\t\t<div class=\"elementor-element elementor-element-3b54a9f elementor-widget elementor-widget-image\" data-id=\"3b54a9f\" data-element_type=\"widget\" data-widget_type=\"image.default\">\n\t\t\t\t\t\t\t\t\t\t\t\t\t\t\t<img decoding=\"async\" width=\"1024\" height=\"646\" src=\"https:\/\/ganoyanimda.com.tr\/wp-content\/uploads\/2025\/07\/GANO-1024x646.jpeg\" class=\"attachment-large size-large wp-image-201\" alt=\"\" srcset=\"https:\/\/ganoyanimda.com.tr\/wp-content\/uploads\/2025\/07\/GANO-1024x646.jpeg 1024w, https:\/\/ganoyanimda.com.tr\/wp-content\/uploads\/2025\/07\/GANO-300x189.jpeg 300w, https:\/\/ganoyanimda.com.tr\/wp-content\/uploads\/2025\/07\/GANO-768x485.jpeg 768w, https:\/\/ganoyanimda.com.tr\/wp-content\/uploads\/2025\/07\/GANO.jpeg 1079w\" sizes=\"(max-width: 1024px) 100vw, 1024px\" \/>\t\t\t\t\t\t\t\t\t\t\t\t\t\t\t<\/div>\n\t\t\t\t\t<\/div>\n\t\t<\/div>\n\t\t\t\t\t<\/div>\n\t\t<\/section>\n\t\t\t\t<section class=\"has_eae_slider elementor-section elementor-top-section elementor-element elementor-element-5fc582c elementor-section-boxed elementor-section-height-default elementor-section-height-default\" data-eae-slider=\"42014\" data-id=\"5fc582c\" data-element_type=\"section\">\n\t\t\t\t\t\t<div class=\"elementor-container elementor-column-gap-default\">\n\t\t\t\t\t<div class=\"has_eae_slider elementor-column elementor-col-100 elementor-top-column elementor-element elementor-element-859711f\" data-eae-slider=\"86512\" data-id=\"859711f\" data-element_type=\"column\">\n\t\t\t<div class=\"elementor-widget-wrap elementor-element-populated\">\n\t\t\t\t\t\t<div class=\"elementor-element elementor-element-fe96db1 elementor-widget-divider--view-line elementor-widget elementor-widget-divider\" data-id=\"fe96db1\" data-element_type=\"widget\" data-widget_type=\"divider.default\">\n\t\t\t\t\t\t\t<div class=\"elementor-divider\">\n\t\t\t<span class=\"elementor-divider-separator\">\n\t\t\t\t\t\t<\/span>\n\t\t<\/div>\n\t\t\t\t\t\t<\/div>\n\t\t\t\t\t<\/div>\n\t\t<\/div>\n\t\t\t\t\t<\/div>\n\t\t<\/section>\n\t\t\t\t<section class=\"has_eae_slider elementor-section elementor-top-section elementor-element elementor-element-acd60b3 elementor-section-boxed elementor-section-height-default elementor-section-height-default\" data-eae-slider=\"3353\" data-id=\"acd60b3\" data-element_type=\"section\">\n\t\t\t\t\t\t<div class=\"elementor-container elementor-column-gap-default\">\n\t\t\t\t\t<div class=\"has_eae_slider elementor-column elementor-col-50 elementor-top-column elementor-element elementor-element-6c2f589\" data-eae-slider=\"35781\" data-id=\"6c2f589\" data-element_type=\"column\">\n\t\t\t<div class=\"elementor-widget-wrap elementor-element-populated\">\n\t\t\t\t\t\t<div class=\"elementor-element elementor-element-b747b68 elementor-widget elementor-widget-image\" data-id=\"b747b68\" data-element_type=\"widget\" data-widget_type=\"image.default\">\n\t\t\t\t\t\t\t\t\t\t\t\t\t\t\t<img decoding=\"async\" width=\"861\" height=\"570\" src=\"https:\/\/ganoyanimda.com.tr\/wp-content\/uploads\/2025\/07\/2046029f9273d49d36b4786faac004941.jpg\" class=\"attachment-large size-large wp-image-196\" alt=\"\" srcset=\"https:\/\/ganoyanimda.com.tr\/wp-content\/uploads\/2025\/07\/2046029f9273d49d36b4786faac004941.jpg 861w, https:\/\/ganoyanimda.com.tr\/wp-content\/uploads\/2025\/07\/2046029f9273d49d36b4786faac004941-300x199.jpg 300w, https:\/\/ganoyanimda.com.tr\/wp-content\/uploads\/2025\/07\/2046029f9273d49d36b4786faac004941-768x508.jpg 768w\" sizes=\"(max-width: 861px) 100vw, 861px\" \/>\t\t\t\t\t\t\t\t\t\t\t\t\t\t\t<\/div>\n\t\t\t\t\t<\/div>\n\t\t<\/div>\n\t\t\t\t<div class=\"has_eae_slider elementor-column elementor-col-50 elementor-top-column elementor-element elementor-element-491b217\" data-eae-slider=\"11034\" data-id=\"491b217\" data-element_type=\"column\">\n\t\t\t<div class=\"elementor-widget-wrap elementor-element-populated\">\n\t\t\t\t\t\t<div class=\"elementor-element elementor-element-a064081 elementor-widget elementor-widget-text-editor\" data-id=\"a064081\" data-element_type=\"widget\" data-widget_type=\"text-editor.default\">\n\t\t\t\t\t\t\t\t\t<p class=\"lead\">Gano Excel Industries Sdn. Bhd. Ganoderma Lucidum mantar\u0131n\u0131n ekstrakt\u0131ndan yap\u0131lm\u0131\u015f \u00f6zel g\u0131da takviyesi kaps\u00fcller, Ganoderma Lucidum mantar\u0131n\u0131n ekstrakt\u0131 ile harmanlanm\u0131\u015f \u00f6zel antioksidan \u00f6zellikli, her damak tad\u0131na uygun kahveler ve \u00f6zel i\u00e7ecekler, ki\u015fisel bak\u0131m \u00fcr\u00fcnleri ve cilt bak\u0131m \u00fcr\u00fcnlerinden ev \u00fcr\u00fcnlerine kadar uzanan \u00e7ok geni\u015f yelpazeli benzersiz bir \u00fcr\u00fcn gam\u0131n\u0131 \u00fcretmekte ve da\u011f\u0131tmaktad\u0131r.<\/p><p>D\u00fcnya genelinde 100\u2019den fazla \u00fclkede faaliyet g\u00f6steren Gano Excel Industries Sdn. Bhd. yeni \u00fcr\u00fcnler ve yeni piyasalar konusunda \u00e7al\u0131\u015fmalar\u0131n\u0131 s\u00fcrd\u00fcrmektedir. \u015eirket b\u00fcy\u00fck bir vizyona ve di\u011fer insanlar\u0131n geli\u015fimi ve ailemize kat\u0131lmalar\u0131 konusunda \u00e7al\u0131\u015fmalar yapan y\u00fcksek motivasyonlu bir kadroya sahiptir. \u201dSa\u011fl\u0131k \u00dcr\u00fcnleri Sekt\u00f6r\u00fcnde \u00d6nc\u00fc Marka\u201d vizyonuna sahip \u015firketimiz sadece birinci s\u0131n\u0131f \u00fcr\u00fcnler \u00fcretmekte ve da\u011f\u0131tmaktad\u0131r.<\/p>\t\t\t\t\t\t\t\t<\/div>\n\t\t\t\t\t<\/div>\n\t\t<\/div>\n\t\t\t\t\t<\/div>\n\t\t<\/section>\n\t\t\t\t<section class=\"has_eae_slider elementor-section elementor-top-section elementor-element elementor-element-5055425 elementor-section-boxed elementor-section-height-default elementor-section-height-default\" data-eae-slider=\"27035\" data-id=\"5055425\" data-element_type=\"section\">\n\t\t\t\t\t\t<div class=\"elementor-container elementor-column-gap-default\">\n\t\t\t\t\t<div class=\"has_eae_slider elementor-column elementor-col-100 elementor-top-column elementor-element elementor-element-072ddc7\" data-eae-slider=\"66778\" data-id=\"072ddc7\" data-element_type=\"column\">\n\t\t\t<div class=\"elementor-widget-wrap elementor-element-populated\">\n\t\t\t\t\t\t<div class=\"elementor-element elementor-element-8b718d9 elementor-widget-divider--view-line elementor-widget elementor-widget-divider\" data-id=\"8b718d9\" data-element_type=\"widget\" data-widget_type=\"divider.default\">\n\t\t\t\t\t\t\t<div class=\"elementor-divider\">\n\t\t\t<span class=\"elementor-divider-separator\">\n\t\t\t\t\t\t<\/span>\n\t\t<\/div>\n\t\t\t\t\t\t<\/div>\n\t\t\t\t\t<\/div>\n\t\t<\/div>\n\t\t\t\t\t<\/div>\n\t\t<\/section>\n\t\t\t\t<section class=\"has_eae_slider elementor-section elementor-top-section elementor-element elementor-element-b37a7ac elementor-section-boxed elementor-section-height-default elementor-section-height-default\" data-eae-slider=\"46762\" data-id=\"b37a7ac\" data-element_type=\"section\">\n\t\t\t\t\t\t<div class=\"elementor-container elementor-column-gap-default\">\n\t\t\t\t\t<div class=\"has_eae_slider elementor-column elementor-col-50 elementor-top-column elementor-element elementor-element-2ac5776\" data-eae-slider=\"23954\" data-id=\"2ac5776\" data-element_type=\"column\">\n\t\t\t<div class=\"elementor-widget-wrap elementor-element-populated\">\n\t\t\t\t\t\t<div class=\"elementor-element elementor-element-2b806e7 elementor-widget elementor-widget-text-editor\" data-id=\"2b806e7\" data-element_type=\"widget\" data-widget_type=\"text-editor.default\">\n\t\t\t\t\t\t\t\t\t<p class=\"lead\">Gano Excel International, 2010 y\u0131l\u0131nda T\u00fcrkiye&#8217;deki faaliyetlerine Gano Excel Marketing Private \u0130thalat ve Pazarlama \u015eirketi ad\u0131 alt\u0131nda, %100 yabanc\u0131 sermaye ile ba\u015flam\u0131\u015ft\u0131r. Firmam\u0131z, T\u00fcrkiye pazar\u0131nda ise 24 ana \u00fcr\u00fcn\u00fcyle aktif olarak faaliyet g\u00f6stermektedir.<\/p><p>T\u00fcrkiye&#8217;deki milyonlarca distrib\u00fct\u00f6r\u00fcm\u00fczle birlikte, insanlar\u0131n ya\u015fam\u0131na de\u011fer katmay\u0131 ve daha sa\u011fl\u0131kl\u0131 bir ya\u015fam i\u00e7in do\u011fal \u00e7\u00f6z\u00fcmler sunmay\u0131 ama\u00e7l\u0131yoruz. \u00c7evreye ve insan sa\u011fl\u0131\u011f\u0131na duydu\u011fumuz sayg\u0131, s\u00fcrd\u00fcr\u00fclebilirlik ilkemizle birle\u015ferek do\u011fadan ilham ald\u0131\u011f\u0131m\u0131z \u00fcr\u00fcnlerimizle topluma fayda sa\u011flama vizyonumuzu g\u00fc\u00e7lendirmektedir. B\u00fcy\u00fck bir aile olarak, hem yerel hem de k\u00fcresel \u00f6l\u00e7ekte insanlara ula\u015fman\u0131n gururunu ya\u015f\u0131yoruz. Her bir distrib\u00fct\u00f6r\u00fcm\u00fcz, bu b\u00fcy\u00fck ailenin \u00f6nemli bir par\u00e7as\u0131d\u0131r ve ba\u015far\u0131lar\u0131m\u0131z\u0131 payla\u015farak birlikte b\u00fcy\u00fcmeye devam ediyoruz.<\/p>\t\t\t\t\t\t\t\t<\/div>\n\t\t\t\t\t<\/div>\n\t\t<\/div>\n\t\t\t\t<div class=\"has_eae_slider elementor-column elementor-col-50 elementor-top-column elementor-element elementor-element-232c75c\" data-eae-slider=\"27390\" data-id=\"232c75c\" data-element_type=\"column\">\n\t\t\t<div class=\"elementor-widget-wrap elementor-element-populated\">\n\t\t\t\t\t\t<div class=\"elementor-element elementor-element-e634bf3 elementor-widget elementor-widget-image\" data-id=\"e634bf3\" data-element_type=\"widget\" data-widget_type=\"image.default\">\n\t\t\t\t\t\t\t\t\t\t\t\t\t\t\t<img loading=\"lazy\" decoding=\"async\" width=\"1024\" height=\"647\" src=\"https:\/\/ganoyanimda.com.tr\/wp-content\/uploads\/2025\/07\/ddbf63d664d1e6243cda11ee00d717fe1-1024x647.jpg\" class=\"attachment-large size-large wp-image-202\" alt=\"\" srcset=\"https:\/\/ganoyanimda.com.tr\/wp-content\/uploads\/2025\/07\/ddbf63d664d1e6243cda11ee00d717fe1-1024x647.jpg 1024w, https:\/\/ganoyanimda.com.tr\/wp-content\/uploads\/2025\/07\/ddbf63d664d1e6243cda11ee00d717fe1-300x190.jpg 300w, https:\/\/ganoyanimda.com.tr\/wp-content\/uploads\/2025\/07\/ddbf63d664d1e6243cda11ee00d717fe1-768x486.jpg 768w, https:\/\/ganoyanimda.com.tr\/wp-content\/uploads\/2025\/07\/ddbf63d664d1e6243cda11ee00d717fe1.jpg 1300w\" sizes=\"(max-width: 1024px) 100vw, 1024px\" \/>\t\t\t\t\t\t\t\t\t\t\t\t\t\t\t<\/div>\n\t\t\t\t\t<\/div>\n\t\t<\/div>\n\t\t\t\t\t<\/div>\n\t\t<\/section>\n\t\t\t\t<\/div>\n\t\t","protected":false},"excerpt":{"rendered":"<p>Gano Excel Industries Sdn. Bhd. d\u00fcnyan\u0131n d\u00f6rt bir yan\u0131nda, sa\u011fl\u0131k ve zindelik sekt\u00f6r\u00fcnde network marketing sistemi ile \u00e7al\u0131\u015fan, k\u00f6kl\u00fc ve \u00f6nc\u00fc \u015firketlerden birisidir. 1983 y\u0131l\u0131nda at\u0131lan \u015firketin temelleri, 12 y\u0131ll\u0131k&hellip;<\/p>\n","protected":false},"author":1,"featured_media":0,"parent":0,"menu_order":0,"comment_status":"closed","ping_status":"closed","template":"","meta":{"saved_in_kubio":false,"footnotes":""},"class_list":["post-32","page","type-page","status-publish","hentry"],"kubio_ai_page_context":{"short_desc":"","purpose":"general"},"_links":{"self":[{"href":"https:\/\/ganoyanimda.com.tr\/index.php?rest_route=\/wp\/v2\/pages\/32","targetHints":{"allow":["GET"]}}],"collection":[{"href":"https:\/\/ganoyanimda.com.tr\/index.php?rest_route=\/wp\/v2\/pages"}],"about":[{"href":"https:\/\/ganoyanimda.com.tr\/index.php?rest_route=\/wp\/v2\/types\/page"}],"author":[{"embeddable":true,"href":"https:\/\/ganoyanimda.com.tr\/index.php?rest_route=\/wp\/v2\/users\/1"}],"replies":[{"embeddable":true,"href":"https:\/\/ganoyanimda.com.tr\/index.php?rest_route=%2Fwp%2Fv2%2Fcomments&post=32"}],"version-history":[{"count":7,"href":"https:\/\/ganoyanimda.com.tr\/index.php?rest_route=\/wp\/v2\/pages\/32\/revisions"}],"predecessor-version":[{"id":208,"href":"https:\/\/ganoyanimda.com.tr\/index.php?rest_route=\/wp\/v2\/pages\/32\/revisions\/208"}],"wp:attachment":[{"href":"https:\/\/ganoyanimda.com.tr\/index.php?rest_route=%2Fwp%2Fv2%2Fmedia&parent=32"}],"curies":[{"name":"wp","href":"https:\/\/api.w.org\/{rel}","templated":true}]}}