{"id":329,"date":"2025-07-10T22:42:29","date_gmt":"2025-07-10T19:42:29","guid":{"rendered":"http:\/\/ganoyanimda.com.tr\/?page_id=329"},"modified":"2025-07-10T22:47:20","modified_gmt":"2025-07-10T19:47:20","slug":"ucretsiz-kayit-ol-urunlere-%20-indirimli-sahip-ol","status":"publish","type":"page","link":"https:\/\/ganoyanimda.com.tr\/?page_id=329","title":{"rendered":"\u00dcCRETS\u0130Z KAYIT OL \u00dcR\u00dcNLERE %20 \u0130ND\u0130R\u0130ML\u0130 SAH\u0130P OL"},"content":{"rendered":"\t\t<div data-elementor-type=\"wp-page\" data-elementor-id=\"329\" class=\"elementor elementor-329\">\n\t\t\t\t\t\t<section class=\"has_eae_slider elementor-section elementor-top-section elementor-element elementor-element-ed6f589 elementor-section-boxed elementor-section-height-default elementor-section-height-default\" data-eae-slider=\"49400\" data-id=\"ed6f589\" data-element_type=\"section\">\n\t\t\t\t\t\t<div class=\"elementor-container elementor-column-gap-default\">\n\t\t\t\t\t<div class=\"has_eae_slider elementor-column elementor-col-50 elementor-top-column elementor-element elementor-element-f8344a8\" data-eae-slider=\"45392\" data-id=\"f8344a8\" data-element_type=\"column\">\n\t\t\t<div class=\"elementor-widget-wrap elementor-element-populated\">\n\t\t\t\t\t\t<div class=\"elementor-element elementor-element-03630e1 elementor-widget elementor-widget-text-editor\" data-id=\"03630e1\" data-element_type=\"widget\" data-widget_type=\"text-editor.default\">\n\t\t\t\t\t\t\t\t\t<div class=\"section-title section-before-border\"><h1><span style=\"color: #000000;\"><span style=\"vertical-align: inherit;\"><span style=\"vertical-align: inherit;\">\u00dcCRETS\u0130Z KAYIT OL \u00dcR\u00dcNLERE %20 \u0130ND\u0130R\u0130ML\u0130 SAH\u0130P OL<\/span><\/span><\/span><\/h1><\/div><div class=\"section-info\"><div class=\"row\"><div class=\"col-md-12\"><p><span style=\"color: #ff0000;\"><strong><span style=\"vertical-align: inherit;\"><span style=\"vertical-align: inherit;\">GANO EXCEL Distrib\u00fct\u00f6r kayd\u0131 tamamen \u00fccretsizdir.<\/span><\/span><\/strong><\/span><br \/><span style=\"vertical-align: inherit;\"><span style=\"vertical-align: inherit;\">Giri\u015f aidat\u0131, ba\u015flang\u0131\u00e7 paketi, yenileme \u00fccreti, aidat ve paket \u00fccreti gibi herhangi bir isim alt\u0131nda hi\u00e7bir bedel al\u0131nmamaktad\u0131r.Hemem \u00dcye olup kullanmak \u0130stedi\u011finiz \u00dcr\u00fcnleri %20 \u0130ND\u0130R\u0130ML\u0130\u00a0 alabilirsiniz<\/span><\/span><\/p><p><span style=\"color: #ff0000;\"><strong><span style=\"vertical-align: inherit;\"><span style=\"vertical-align: inherit;\">Gano Excel \u00dcyeli\u011fi<\/span><\/span><\/strong><\/span><br \/><span style=\"vertical-align: inherit;\"><span style=\"vertical-align: inherit;\">Hemen \u00fcye olmak istiyorsan\u0131z a\u015fa\u011f\u0131daki ad\u0131mlar\u0131 eksiksiz uygulay\u0131n.<\/span><\/span><br \/><span style=\"vertical-align: inherit;\"><span style=\"vertical-align: inherit;\">Ayr\u0131ca \u0130stedi\u011finiz Tarih ve Saatte M\u00fc\u015fteri Temsilcimiz Sizi Arayarak \u00dcyelik \u0130\u015flemleriniz \u0130\u00e7in Size Yard\u0131mc\u0131 Olacakt\u0131r.<\/span><\/span><br \/><span style=\"vertical-align: inherit;\"><span style=\"vertical-align: inherit;\">Distrib\u00fct\u00f6r kayd\u0131 tamamen \u00fccretsizdir. Giri\u015f aidat\u0131, ba\u015flang\u0131\u00e7 paketi, yenileme \u00fccreti, aidat ve paket \u00fccreti gibi herhangi bir isim alt\u0131nda hi\u00e7bir bedel al\u0131nmamaktad\u0131r.<\/span><\/span><\/p><\/div><\/div><\/div>\t\t\t\t\t\t\t\t<\/div>\n\t\t\t\t\t<\/div>\n\t\t<\/div>\n\t\t\t\t<div class=\"has_eae_slider elementor-column elementor-col-50 elementor-top-column elementor-element elementor-element-0a26d5f\" data-eae-slider=\"24026\" data-id=\"0a26d5f\" data-element_type=\"column\">\n\t\t\t<div class=\"elementor-widget-wrap elementor-element-populated\">\n\t\t\t\t\t\t<div class=\"elementor-element elementor-element-1c2dc27 elementor-invisible elementor-widget elementor-widget-image\" data-id=\"1c2dc27\" data-element_type=\"widget\" data-settings=\"{&quot;_animation&quot;:&quot;fadeIn&quot;}\" data-widget_type=\"image.default\">\n\t\t\t\t\t\t\t\t\t\t\t\t\t\t\t<img fetchpriority=\"high\" decoding=\"async\" width=\"1024\" height=\"576\" src=\"https:\/\/ganoyanimda.com.tr\/wp-content\/uploads\/2025\/07\/UR-1024x576.jpeg\" class=\"attachment-large size-large wp-image-285\" alt=\"\" srcset=\"https:\/\/ganoyanimda.com.tr\/wp-content\/uploads\/2025\/07\/UR-1024x576.jpeg 1024w, https:\/\/ganoyanimda.com.tr\/wp-content\/uploads\/2025\/07\/UR-300x169.jpeg 300w, https:\/\/ganoyanimda.com.tr\/wp-content\/uploads\/2025\/07\/UR-768x432.jpeg 768w, https:\/\/ganoyanimda.com.tr\/wp-content\/uploads\/2025\/07\/UR.jpeg 1058w\" sizes=\"(max-width: 1024px) 100vw, 1024px\" \/>\t\t\t\t\t\t\t\t\t\t\t\t\t\t\t<\/div>\n\t\t\t\t\t<\/div>\n\t\t<\/div>\n\t\t\t\t\t<\/div>\n\t\t<\/section>\n\t\t\t\t<\/div>\n\t\t","protected":false},"excerpt":{"rendered":"<p>\u00dcCRETS\u0130Z KAYIT OL \u00dcR\u00dcNLERE %20 \u0130ND\u0130R\u0130ML\u0130 SAH\u0130P OL GANO EXCEL Distrib\u00fct\u00f6r kayd\u0131 tamamen \u00fccretsizdir.Giri\u015f aidat\u0131, ba\u015flang\u0131\u00e7 paketi, yenileme \u00fccreti, aidat ve paket \u00fccreti gibi herhangi bir isim alt\u0131nda hi\u00e7bir bedel&hellip;<\/p>\n","protected":false},"author":1,"featured_media":0,"parent":0,"menu_order":0,"comment_status":"closed","ping_status":"closed","template":"","meta":{"saved_in_kubio":false,"footnotes":""},"class_list":["post-329","page","type-page","status-publish","hentry"],"kubio_ai_page_context":{"short_desc":"","purpose":"general"},"_links":{"self":[{"href":"https:\/\/ganoyanimda.com.tr\/index.php?rest_route=\/wp\/v2\/pages\/329","targetHints":{"allow":["GET"]}}],"collection":[{"href":"https:\/\/ganoyanimda.com.tr\/index.php?rest_route=\/wp\/v2\/pages"}],"about":[{"href":"https:\/\/ganoyanimda.com.tr\/index.php?rest_route=\/wp\/v2\/types\/page"}],"author":[{"embeddable":true,"href":"https:\/\/ganoyanimda.com.tr\/index.php?rest_route=\/wp\/v2\/users\/1"}],"replies":[{"embeddable":true,"href":"https:\/\/ganoyanimda.com.tr\/index.php?rest_route=%2Fwp%2Fv2%2Fcomments&post=329"}],"version-history":[{"count":4,"href":"https:\/\/ganoyanimda.com.tr\/index.php?rest_route=\/wp\/v2\/pages\/329\/revisions"}],"predecessor-version":[{"id":334,"href":"https:\/\/ganoyanimda.com.tr\/index.php?rest_route=\/wp\/v2\/pages\/329\/revisions\/334"}],"wp:attachment":[{"href":"https:\/\/ganoyanimda.com.tr\/index.php?rest_route=%2Fwp%2Fv2%2Fmedia&parent=329"}],"curies":[{"name":"wp","href":"https:\/\/api.w.org\/{rel}","templated":true}]}}