{"id":34,"date":"2025-07-06T21:16:59","date_gmt":"2025-07-06T18:16:59","guid":{"rendered":"http:\/\/ganoyanimda.com.tr\/?page_id=34"},"modified":"2025-07-19T23:46:24","modified_gmt":"2025-07-19T20:46:24","slug":"takviye-edici-gida","status":"publish","type":"page","link":"https:\/\/ganoyanimda.com.tr\/?page_id=34","title":{"rendered":"TAKV\u0130YE ED\u0130C\u0130 GIDA"},"content":{"rendered":"\t\t<div data-elementor-type=\"wp-page\" data-elementor-id=\"34\" class=\"elementor elementor-34\">\n\t\t\t\t\t\t<section class=\"has_eae_slider elementor-section elementor-top-section elementor-element elementor-element-c58d989 elementor-section-boxed elementor-section-height-default elementor-section-height-default\" data-eae-slider=\"25323\" data-id=\"c58d989\" data-element_type=\"section\">\n\t\t\t\t\t\t<div class=\"elementor-container elementor-column-gap-default\">\n\t\t\t\t\t<div class=\"has_eae_slider elementor-column elementor-col-33 elementor-top-column elementor-element elementor-element-23efc30 a[href*=&quot;contains&quot;]\" data-eae-slider=\"48812\" data-id=\"23efc30\" data-element_type=\"column\">\n\t\t\t<div class=\"elementor-widget-wrap elementor-element-populated\">\n\t\t\t\t\t\t<div class=\"elementor-element elementor-element-6249fc2 popmake-531 elementor-invisible elementor-widget elementor-widget-image\" data-id=\"6249fc2\" data-element_type=\"widget\" data-settings=\"{&quot;_animation&quot;:&quot;fadeIn&quot;}\" data-widget_type=\"image.default\">\n\t\t\t\t\t\t\t\t\t\t\t\t\t\t\t\t<a href=\"http:\/\/popmake-20\">\n\t\t\t\t\t\t\t<img fetchpriority=\"high\" decoding=\"async\" width=\"800\" height=\"533\" src=\"https:\/\/ganoyanimda.com.tr\/wp-content\/uploads\/2025\/07\/686191cd41fc3.jpg\" class=\"elementor-animation-grow attachment-large size-large wp-image-300\" alt=\"\" srcset=\"https:\/\/ganoyanimda.com.tr\/wp-content\/uploads\/2025\/07\/686191cd41fc3.jpg 800w, https:\/\/ganoyanimda.com.tr\/wp-content\/uploads\/2025\/07\/686191cd41fc3-300x200.jpg 300w, https:\/\/ganoyanimda.com.tr\/wp-content\/uploads\/2025\/07\/686191cd41fc3-768x512.jpg 768w\" sizes=\"(max-width: 800px) 100vw, 800px\" \/>\t\t\t\t\t\t\t\t<\/a>\n\t\t\t\t\t\t\t\t\t\t\t\t\t\t\t<\/div>\n\t\t\t\t<div class=\"elementor-element elementor-element-73ac6bf elementor-widget elementor-widget-text-editor\" data-id=\"73ac6bf\" data-element_type=\"widget\" data-widget_type=\"text-editor.default\">\n\t\t\t\t\t\t\t\t\t<div class=\"entry-header mb-3\"><h3><span style=\"vertical-align: inherit;\"><span style=\"vertical-align: inherit;\">GANODERMA<\/span><\/span><\/h3><\/div><p class=\"card-text entry-summary text-secondary\">Ganoderma Lucidum, y\u00fczy\u0131llard\u0131r \u00f6zellikle uzakdo\u011fu \u00fclkelerinde yararl\u0131 bir bitki olarak&#8230;<\/p>\t\t\t\t\t\t\t\t<\/div>\n\t\t\t\t\t<\/div>\n\t\t<\/div>\n\t\t\t\t<div class=\"has_eae_slider elementor-column elementor-col-33 elementor-top-column elementor-element elementor-element-31cf7bd\" data-eae-slider=\"60586\" data-id=\"31cf7bd\" data-element_type=\"column\">\n\t\t\t<div class=\"elementor-widget-wrap elementor-element-populated\">\n\t\t\t\t\t\t<div class=\"elementor-element elementor-element-6a9a91a popmake-634\t elementor-widget elementor-widget-image\" data-id=\"6a9a91a\" data-element_type=\"widget\" data-widget_type=\"image.default\">\n\t\t\t\t\t\t\t\t\t\t\t\t\t\t\t<img decoding=\"async\" width=\"800\" height=\"533\" src=\"https:\/\/ganoyanimda.com.tr\/wp-content\/uploads\/2025\/07\/EXCELLIUM.jpg\" class=\"elementor-animation-grow attachment-large size-large wp-image-301\" alt=\"\" srcset=\"https:\/\/ganoyanimda.com.tr\/wp-content\/uploads\/2025\/07\/EXCELLIUM.jpg 800w, https:\/\/ganoyanimda.com.tr\/wp-content\/uploads\/2025\/07\/EXCELLIUM-300x200.jpg 300w, https:\/\/ganoyanimda.com.tr\/wp-content\/uploads\/2025\/07\/EXCELLIUM-768x512.jpg 768w\" sizes=\"(max-width: 800px) 100vw, 800px\" \/>\t\t\t\t\t\t\t\t\t\t\t\t\t\t\t<\/div>\n\t\t\t\t<div class=\"elementor-element elementor-element-5d119d4 elementor-widget elementor-widget-text-editor\" data-id=\"5d119d4\" data-element_type=\"widget\" data-widget_type=\"text-editor.default\">\n\t\t\t\t\t\t\t\t\t<h2><span style=\"font-size: 24px;\">EXCELL\u0130UM<\/span><\/h2><p class=\"card-text entry-summary text-secondary\">Ganoderma Lucidum bitkisini, Gano Excel olarak kontroll\u00fc ko\u015fullarda ve GMP standartlar\u0131&#8230;<\/p>\t\t\t\t\t\t\t\t<\/div>\n\t\t\t\t\t<\/div>\n\t\t<\/div>\n\t\t\t\t<div class=\"has_eae_slider elementor-column elementor-col-33 elementor-top-column elementor-element elementor-element-c29ee54\" data-eae-slider=\"84198\" data-id=\"c29ee54\" data-element_type=\"column\">\n\t\t\t<div class=\"elementor-widget-wrap elementor-element-populated\">\n\t\t\t\t\t\t<div class=\"elementor-element elementor-element-6c0b72c popmake-636\t elementor-widget elementor-widget-image\" data-id=\"6c0b72c\" data-element_type=\"widget\" data-widget_type=\"image.default\">\n\t\t\t\t\t\t\t\t\t\t\t\t\t\t\t<img decoding=\"async\" width=\"800\" height=\"533\" src=\"https:\/\/ganoyanimda.com.tr\/wp-content\/uploads\/2025\/07\/GANOCORDY.jpg\" class=\"elementor-animation-grow attachment-large size-large wp-image-302\" alt=\"\" srcset=\"https:\/\/ganoyanimda.com.tr\/wp-content\/uploads\/2025\/07\/GANOCORDY.jpg 800w, https:\/\/ganoyanimda.com.tr\/wp-content\/uploads\/2025\/07\/GANOCORDY-300x200.jpg 300w, https:\/\/ganoyanimda.com.tr\/wp-content\/uploads\/2025\/07\/GANOCORDY-768x512.jpg 768w\" sizes=\"(max-width: 800px) 100vw, 800px\" \/>\t\t\t\t\t\t\t\t\t\t\t\t\t\t\t<\/div>\n\t\t\t\t<div class=\"elementor-element elementor-element-147bfe7 elementor-widget elementor-widget-text-editor\" data-id=\"147bfe7\" data-element_type=\"widget\" data-widget_type=\"text-editor.default\">\n\t\t\t\t\t\t\t\t\t<div class=\"entry-header mb-3\"><h3>GANOCORDY<\/h3><p><span style=\"font-size: 16px;\">Ganocordy, Ganoderma Lucidum ve Kordiseps mantar\u0131n\u0131n kombinasyonu ile elde edilmi\u015ftir. &#8230;<\/span><\/p><\/div>\t\t\t\t\t\t\t\t<\/div>\n\t\t\t\t\t<\/div>\n\t\t<\/div>\n\t\t\t\t\t<\/div>\n\t\t<\/section>\n\t\t\t\t<section class=\"has_eae_slider elementor-section elementor-top-section elementor-element elementor-element-1fb8917 elementor-section-boxed elementor-section-height-default elementor-section-height-default\" data-eae-slider=\"74208\" data-id=\"1fb8917\" data-element_type=\"section\">\n\t\t\t\t\t\t<div class=\"elementor-container elementor-column-gap-default\">\n\t\t\t\t\t<div class=\"has_eae_slider elementor-column elementor-col-33 elementor-top-column elementor-element elementor-element-f35bad6\" data-eae-slider=\"69702\" data-id=\"f35bad6\" data-element_type=\"column\">\n\t\t\t<div class=\"elementor-widget-wrap elementor-element-populated\">\n\t\t\t\t\t\t<div class=\"elementor-element elementor-element-c8f59f8 popmake-637\t elementor-widget elementor-widget-image\" data-id=\"c8f59f8\" data-element_type=\"widget\" data-widget_type=\"image.default\">\n\t\t\t\t\t\t\t\t\t\t\t\t\t\t\t<img loading=\"lazy\" decoding=\"async\" width=\"800\" height=\"533\" src=\"https:\/\/ganoyanimda.com.tr\/wp-content\/uploads\/2025\/07\/REISHIGOLD.jpg\" class=\"elementor-animation-grow attachment-large size-large wp-image-303\" alt=\"\" srcset=\"https:\/\/ganoyanimda.com.tr\/wp-content\/uploads\/2025\/07\/REISHIGOLD.jpg 800w, https:\/\/ganoyanimda.com.tr\/wp-content\/uploads\/2025\/07\/REISHIGOLD-300x200.jpg 300w, https:\/\/ganoyanimda.com.tr\/wp-content\/uploads\/2025\/07\/REISHIGOLD-768x512.jpg 768w\" sizes=\"(max-width: 800px) 100vw, 800px\" \/>\t\t\t\t\t\t\t\t\t\t\t\t\t\t\t<\/div>\n\t\t\t\t<div class=\"elementor-element elementor-element-90c5ea5 elementor-widget elementor-widget-text-editor\" data-id=\"90c5ea5\" data-element_type=\"widget\" data-widget_type=\"text-editor.default\">\n\t\t\t\t\t\t\t\t\t<div class=\"entry-header mb-3\"><h3>REISHI GOLD<\/h3><\/div><p class=\"card-text entry-summary text-secondary\">Reishi Gold, Ganoderma Lucidum&#8217;un sporokarb\u0131 kullan\u0131larak \u00fcretilir, %100 Ganoderma Luci&#8230;<\/p>\t\t\t\t\t\t\t\t<\/div>\n\t\t\t\t\t<\/div>\n\t\t<\/div>\n\t\t\t\t<div class=\"has_eae_slider elementor-column elementor-col-33 elementor-top-column elementor-element elementor-element-120fc8f\" data-eae-slider=\"49996\" data-id=\"120fc8f\" data-element_type=\"column\">\n\t\t\t<div class=\"elementor-widget-wrap elementor-element-populated\">\n\t\t\t\t\t\t<div class=\"elementor-element elementor-element-9554dba popmake-638\t elementor-widget elementor-widget-image\" data-id=\"9554dba\" data-element_type=\"widget\" data-widget_type=\"image.default\">\n\t\t\t\t\t\t\t\t\t\t\t\t\t\t\t<img loading=\"lazy\" decoding=\"async\" width=\"800\" height=\"533\" src=\"https:\/\/ganoyanimda.com.tr\/wp-content\/uploads\/2025\/07\/EXCELLIUMGOLD.jpg\" class=\"elementor-animation-grow attachment-large size-large wp-image-297\" alt=\"\" srcset=\"https:\/\/ganoyanimda.com.tr\/wp-content\/uploads\/2025\/07\/EXCELLIUMGOLD.jpg 800w, https:\/\/ganoyanimda.com.tr\/wp-content\/uploads\/2025\/07\/EXCELLIUMGOLD-300x200.jpg 300w, https:\/\/ganoyanimda.com.tr\/wp-content\/uploads\/2025\/07\/EXCELLIUMGOLD-768x512.jpg 768w\" sizes=\"(max-width: 800px) 100vw, 800px\" \/>\t\t\t\t\t\t\t\t\t\t\t\t\t\t\t<\/div>\n\t\t\t\t<div class=\"elementor-element elementor-element-5f8c753 elementor-widget elementor-widget-text-editor\" data-id=\"5f8c753\" data-element_type=\"widget\" data-widget_type=\"text-editor.default\">\n\t\t\t\t\t\t\t\t\t<div class=\"entry-header mb-3\"><h3>EXCELLIUM GOLD<\/h3><\/div><p class=\"card-text entry-summary text-secondary\">Excellium Gold, Ganoderma Lucidum\u2019un miselyumu kullan\u0131larak \u00fcretilir.<\/p>\t\t\t\t\t\t\t\t<\/div>\n\t\t\t\t\t<\/div>\n\t\t<\/div>\n\t\t\t\t<div class=\"has_eae_slider elementor-column elementor-col-33 elementor-top-column elementor-element elementor-element-449484d\" data-eae-slider=\"80466\" data-id=\"449484d\" data-element_type=\"column\">\n\t\t\t<div class=\"elementor-widget-wrap\">\n\t\t\t\t\t\t\t<\/div>\n\t\t<\/div>\n\t\t\t\t\t<\/div>\n\t\t<\/section>\n\t\t\t\t<\/div>\n\t\t","protected":false},"excerpt":{"rendered":"<p>GANODERMA Ganoderma Lucidum, y\u00fczy\u0131llard\u0131r \u00f6zellikle uzakdo\u011fu \u00fclkelerinde yararl\u0131 bir bitki olarak&#8230; EXCELL\u0130UM Ganoderma Lucidum bitkisini, Gano Excel olarak kontroll\u00fc ko\u015fullarda ve GMP standartlar\u0131&#8230; GANOCORDY Ganocordy, Ganoderma Lucidum ve Kordiseps mantar\u0131n\u0131n&hellip;<\/p>\n","protected":false},"author":1,"featured_media":0,"parent":0,"menu_order":0,"comment_status":"closed","ping_status":"closed","template":"","meta":{"saved_in_kubio":false,"footnotes":""},"class_list":["post-34","page","type-page","status-publish","hentry"],"kubio_ai_page_context":{"short_desc":"","purpose":"general"},"_links":{"self":[{"href":"https:\/\/ganoyanimda.com.tr\/index.php?rest_route=\/wp\/v2\/pages\/34","targetHints":{"allow":["GET"]}}],"collection":[{"href":"https:\/\/ganoyanimda.com.tr\/index.php?rest_route=\/wp\/v2\/pages"}],"about":[{"href":"https:\/\/ganoyanimda.com.tr\/index.php?rest_route=\/wp\/v2\/types\/page"}],"author":[{"embeddable":true,"href":"https:\/\/ganoyanimda.com.tr\/index.php?rest_route=\/wp\/v2\/users\/1"}],"replies":[{"embeddable":true,"href":"https:\/\/ganoyanimda.com.tr\/index.php?rest_route=%2Fwp%2Fv2%2Fcomments&post=34"}],"version-history":[{"count":97,"href":"https:\/\/ganoyanimda.com.tr\/index.php?rest_route=\/wp\/v2\/pages\/34\/revisions"}],"predecessor-version":[{"id":822,"href":"https:\/\/ganoyanimda.com.tr\/index.php?rest_route=\/wp\/v2\/pages\/34\/revisions\/822"}],"wp:attachment":[{"href":"https:\/\/ganoyanimda.com.tr\/index.php?rest_route=%2Fwp%2Fv2%2Fmedia&parent=34"}],"curies":[{"name":"wp","href":"https:\/\/api.w.org\/{rel}","templated":true}]}}