{"id":340,"date":"2025-07-10T23:17:17","date_gmt":"2025-07-10T20:17:17","guid":{"rendered":"http:\/\/ganoyanimda.com.tr\/?page_id=340"},"modified":"2025-07-13T18:14:47","modified_gmt":"2025-07-13T15:14:47","slug":"sermayesiz-e-ticaret-yapmak-istiyorum-diyorsan","status":"publish","type":"page","link":"https:\/\/ganoyanimda.com.tr\/?page_id=340","title":{"rendered":"SERMAYES\u0130Z E-T\u0130CARET YAPMAK \u0130ST\u0130YORUM ? D\u0130YORSAN&#8230;"},"content":{"rendered":"\t\t<div data-elementor-type=\"wp-page\" data-elementor-id=\"340\" class=\"elementor elementor-340\">\n\t\t\t\t\t\t<section class=\"has_eae_slider elementor-section elementor-top-section elementor-element elementor-element-e911944 elementor-section-boxed elementor-section-height-default elementor-section-height-default\" data-eae-slider=\"48839\" data-id=\"e911944\" data-element_type=\"section\">\n\t\t\t\t\t\t<div class=\"elementor-container elementor-column-gap-default\">\n\t\t\t\t\t<div class=\"has_eae_slider elementor-column elementor-col-50 elementor-top-column elementor-element elementor-element-9a3fe3c\" data-eae-slider=\"10753\" data-id=\"9a3fe3c\" data-element_type=\"column\">\n\t\t\t<div class=\"elementor-widget-wrap elementor-element-populated\">\n\t\t\t\t\t\t<div class=\"elementor-element elementor-element-f246a71 elementor-widget elementor-widget-text-editor\" data-id=\"f246a71\" data-element_type=\"widget\" data-widget_type=\"text-editor.default\">\n\t\t\t\t\t\t\t\t\t<div class=\"section-title section-before-border\"><h2>SERMAYES\u0130Z E-T\u0130CARET YAPMAK \u0130ST\u0130YORUM ? D\u0130YORSAN&#8230;<\/h2><\/div><div class=\"section-info\"><h3><span style=\"color: #ff0000;\">Sermayesiz e-ticaret yapmak istiyorum?\u00a0<\/span><br \/><span style=\"color: #ff0000;\">Diyenler i\u00e7in&#8230;\u00a0Biz Ne Yap\u0131yoruz, Nas\u0131l Yap\u0131yoruz ?<\/span><\/h3><p>30 y\u0131ld\u0131r 100 farkl\u0131 \u00fclkede faaliyetlerini s\u00fcrd\u00fcren Gano Excel International \u015firketinin kar orta\u011f\u0131 olarak kahve ve cilt bak\u0131m \u00fcr\u00fcnlerimiz ba\u015fta olmak \u00fczere bir\u00e7ok farkl\u0131 organik \u00fcr\u00fcn\u00fcm\u00fcz\u00fc al\u0131c\u0131lar\u0131yla bulu\u015fturuyoruz.<\/p><p>T\u00fcm bunlar\u0131 yaparken de kendi i\u015fimizin patronu olman\u0131n yan\u0131nda evden veya tatilden i\u015fimizi y\u00f6netmenin keyfini \u00e7\u0131kart\u0131yoruz.<\/p><p>Bunu ise i\u00e7inde bulundu\u011fumuz, d\u00f6nemin ve gelece\u011fin bir numaral\u0131 sekt\u00f6r\u00fc haline gelen online ticaret sistemi ile yap\u0131yoruz. 18 ya\u015f\u0131n\u0131 doldurmu\u015f, kendine g\u00fcvenen, gelece\u011fine yat\u0131r\u0131m yapmak isteyenler i\u00e7in harika bir f\u0131rsat.<br \/>Sermayesiz e-ticaret yapmak istiyorum\u00a0diyorsan hemen bize ula\u015farak sende ekimize dahil olabilirsin.<\/p><\/div>\t\t\t\t\t\t\t\t<\/div>\n\t\t\t\t\t<\/div>\n\t\t<\/div>\n\t\t\t\t<div class=\"has_eae_slider elementor-column elementor-col-50 elementor-top-column elementor-element elementor-element-4b4a356\" data-eae-slider=\"60892\" data-id=\"4b4a356\" data-element_type=\"column\">\n\t\t\t<div class=\"elementor-widget-wrap elementor-element-populated\">\n\t\t\t\t\t\t<div class=\"elementor-element elementor-element-a800128 elementor-widget elementor-widget-image\" data-id=\"a800128\" data-element_type=\"widget\" data-widget_type=\"image.default\">\n\t\t\t\t\t\t\t\t\t\t\t\t\t\t\t<img fetchpriority=\"high\" decoding=\"async\" width=\"1024\" height=\"669\" src=\"https:\/\/ganoyanimda.com.tr\/wp-content\/uploads\/2025\/07\/WhatsApp-Image-2024-06-04-at-11.54.30-1024x669.jpeg\" class=\"attachment-large size-large wp-image-284\" alt=\"\" srcset=\"https:\/\/ganoyanimda.com.tr\/wp-content\/uploads\/2025\/07\/WhatsApp-Image-2024-06-04-at-11.54.30-1024x669.jpeg 1024w, https:\/\/ganoyanimda.com.tr\/wp-content\/uploads\/2025\/07\/WhatsApp-Image-2024-06-04-at-11.54.30-300x196.jpeg 300w, https:\/\/ganoyanimda.com.tr\/wp-content\/uploads\/2025\/07\/WhatsApp-Image-2024-06-04-at-11.54.30-768x502.jpeg 768w, https:\/\/ganoyanimda.com.tr\/wp-content\/uploads\/2025\/07\/WhatsApp-Image-2024-06-04-at-11.54.30.jpeg 1036w\" sizes=\"(max-width: 1024px) 100vw, 1024px\" \/>\t\t\t\t\t\t\t\t\t\t\t\t\t\t\t<\/div>\n\t\t\t\t\t<\/div>\n\t\t<\/div>\n\t\t\t\t\t<\/div>\n\t\t<\/section>\n\t\t\t\t<\/div>\n\t\t","protected":false},"excerpt":{"rendered":"<p>SERMAYES\u0130Z E-T\u0130CARET YAPMAK \u0130ST\u0130YORUM ? D\u0130YORSAN&#8230; Sermayesiz e-ticaret yapmak istiyorum?\u00a0Diyenler i\u00e7in&#8230;\u00a0Biz Ne Yap\u0131yoruz, Nas\u0131l Yap\u0131yoruz ? 30 y\u0131ld\u0131r 100 farkl\u0131 \u00fclkede faaliyetlerini s\u00fcrd\u00fcren Gano Excel International \u015firketinin kar orta\u011f\u0131 olarak&hellip;<\/p>\n","protected":false},"author":1,"featured_media":0,"parent":0,"menu_order":0,"comment_status":"closed","ping_status":"closed","template":"","meta":{"saved_in_kubio":false,"footnotes":""},"class_list":["post-340","page","type-page","status-publish","hentry"],"kubio_ai_page_context":{"short_desc":"","purpose":"general"},"_links":{"self":[{"href":"https:\/\/ganoyanimda.com.tr\/index.php?rest_route=\/wp\/v2\/pages\/340","targetHints":{"allow":["GET"]}}],"collection":[{"href":"https:\/\/ganoyanimda.com.tr\/index.php?rest_route=\/wp\/v2\/pages"}],"about":[{"href":"https:\/\/ganoyanimda.com.tr\/index.php?rest_route=\/wp\/v2\/types\/page"}],"author":[{"embeddable":true,"href":"https:\/\/ganoyanimda.com.tr\/index.php?rest_route=\/wp\/v2\/users\/1"}],"replies":[{"embeddable":true,"href":"https:\/\/ganoyanimda.com.tr\/index.php?rest_route=%2Fwp%2Fv2%2Fcomments&post=340"}],"version-history":[{"count":10,"href":"https:\/\/ganoyanimda.com.tr\/index.php?rest_route=\/wp\/v2\/pages\/340\/revisions"}],"predecessor-version":[{"id":447,"href":"https:\/\/ganoyanimda.com.tr\/index.php?rest_route=\/wp\/v2\/pages\/340\/revisions\/447"}],"wp:attachment":[{"href":"https:\/\/ganoyanimda.com.tr\/index.php?rest_route=%2Fwp%2Fv2%2Fmedia&parent=340"}],"curies":[{"name":"wp","href":"https:\/\/api.w.org\/{rel}","templated":true}]}}