{"id":342,"date":"2025-07-10T23:17:46","date_gmt":"2025-07-10T20:17:46","guid":{"rendered":"http:\/\/ganoyanimda.com.tr\/?page_id=342"},"modified":"2025-07-13T18:24:31","modified_gmt":"2025-07-13T15:24:31","slug":"yaninizda-tasiyabileceginiz-bir-ise-sahip-olmak-ister-misiniz","status":"publish","type":"page","link":"https:\/\/ganoyanimda.com.tr\/?page_id=342","title":{"rendered":"YANINIZDA TA\u015eIYAB\u0130LECE\u011e\u0130N\u0130Z B\u0130R \u0130\u015eE SAH\u0130P OLMAK \u0130STER M\u0130S\u0130N\u0130Z ?"},"content":{"rendered":"\t\t<div data-elementor-type=\"wp-page\" data-elementor-id=\"342\" class=\"elementor elementor-342\">\n\t\t\t\t\t\t<section class=\"has_eae_slider elementor-section elementor-top-section elementor-element elementor-element-464e7f5 elementor-section-boxed elementor-section-height-default elementor-section-height-default\" data-eae-slider=\"92441\" data-id=\"464e7f5\" data-element_type=\"section\">\n\t\t\t\t\t\t<div class=\"elementor-container elementor-column-gap-default\">\n\t\t\t\t\t<div class=\"has_eae_slider elementor-column elementor-col-50 elementor-top-column elementor-element elementor-element-248bb1c\" data-eae-slider=\"13250\" data-id=\"248bb1c\" data-element_type=\"column\">\n\t\t\t<div class=\"elementor-widget-wrap elementor-element-populated\">\n\t\t\t\t\t\t<div class=\"elementor-element elementor-element-aec0fbd elementor-widget elementor-widget-text-editor\" data-id=\"aec0fbd\" data-element_type=\"widget\" data-widget_type=\"text-editor.default\">\n\t\t\t\t\t\t\t\t\t<section id=\"about-us\" class=\"section-padding-top\"><div class=\"container\"><div class=\"row\"><div class=\"col-lg-6 mb-lg-0 mb-5\"><div class=\"section-title section-before-border\"><h2>YANINIZDA TA\u015eIYAB\u0130LECE\u011e\u0130N\u0130Z B\u0130R \u0130\u015eE SAH\u0130P OLMAK \u0130STER M\u0130S\u0130N\u0130Z ?<\/h2><\/div><div class=\"section-info\"><h4><span style=\"color: #ff0000;\"><strong><span style=\"color: #808080;\">1. <\/span><\/strong><\/span><strong style=\"color: #ff0000;\">Online Part-Time \u0130\u015f F\u0131rsat\u0131nda\u00a0Hangi Avantajlara Sahip Olacaks\u0131n\u0131z?<\/strong><strong style=\"color: #ff0000;\"><span style=\"color: #808080;\">.<\/span><\/strong><\/h4><p>Giri\u015fimcili\u011fin ilk ad\u0131m\u0131n\u0131 atarak, diledi\u011finiz zaman evinizden ya da ofisinizden, herhangi birine ba\u011fl\u0131 olmadan kendi i\u015finizi in\u015fa edebilirsiniz.<\/p><p>D\u00fcnya&#8217;da %82 pazar pay\u0131na sahip, Malezya men\u015fei olan firmam\u0131z\u0131n, 100&#8217;den fazla \u00fclkede faaliyet g\u00f6sterdi\u011fi\u00a0organik \u00fcr\u00fcnlerinin\u00a0sat\u0131\u015f\u0131n\u0131 yapma f\u0131rsat\u0131n\u0131 yakalayacaks\u0131n\u0131z. \u00dcstelik belirli bir kota doldurma \u015fart\u0131 da yok. Bu i\u015fte Patron sizsiniz. Siz ne zaman isterseniz o zaman, siz ne kadar isterseniz o kadar \u00fcr\u00fcn sat\u0131\u015f\u0131 yapars\u0131n\u0131z. Bu sebeple de kazanc\u0131n\u0131z\u0131n limitini belirleyen yine siz olursunuz.<\/p><h4><span style=\"color: #ff0000;\"><strong><span style=\"color: #808080;\">2.<\/span> Firman\u0131n Kar Orta\u011f\u0131 Oldu\u011funuzda Hangi Avantajlara Sahip Olacaks\u0131n\u0131z?<\/strong><\/span><\/h4><p>Severek \u00e7al\u0131\u015ft\u0131\u011f\u0131n\u0131z mevcut bir i\u015finiz var ve bu f\u0131rsat\u0131 i\u015f olarak yapmay\u0131 d\u00fc\u015f\u00fcnm\u00fcyor olabilirsiniz. Bu durumda ikinci bir se\u00e7enek olarak firman\u0131n\u00a0kar orta\u011f\u0131\u00a0olabilirsiniz.\u00a0 Bu sayede; Do\u011fada nadir bulunan hammaddesiyle, 12 y\u0131l boyunca AR-GE \u00e7al\u0131\u015fmalar\u0131 yap\u0131lm\u0131\u015f, Uluslararas\u0131 Kalite G\u00fcvence Belgelerini alm\u0131\u015f bu organik \u00fcr\u00fcnleri indirimli fiyatlar\u0131 ile sat\u0131n alabilirsiniz.<\/p><p>Reishi mantar\u0131n\u0131n bilinen say\u0131s\u0131z faydas\u0131 ve i\u00e7erisinde bulunan 400&#8217;\u00fcn \u00fczerindeki aktif bile\u015fenler sayesinde ba\u011f\u0131\u015f\u0131kl\u0131k sisteminizi dengede tutmay\u0131 sa\u011flayan, antioksidan i\u00e7erikli bu mucizevi \u00fcr\u00fcn\u00fc hayat\u0131n\u0131za dahil edebilirsiniz. Sa\u011fl\u0131\u011f\u0131n\u0131z\u0131 korurken, harcamalar\u0131n\u0131z dolay\u0131s\u0131yla hesab\u0131n\u0131zda biriken pasif gelir sayesinde ek gelir de elde edebilirsiniz.<\/p><\/div><\/div><\/div><\/div><\/section>\t\t\t\t\t\t\t\t<\/div>\n\t\t\t\t\t<\/div>\n\t\t<\/div>\n\t\t\t\t<div class=\"has_eae_slider elementor-column elementor-col-50 elementor-top-column elementor-element elementor-element-9ff1117\" data-eae-slider=\"9506\" data-id=\"9ff1117\" data-element_type=\"column\">\n\t\t\t<div class=\"elementor-widget-wrap elementor-element-populated\">\n\t\t\t\t\t\t<div class=\"elementor-element elementor-element-6432bdd elementor-widget elementor-widget-image\" data-id=\"6432bdd\" data-element_type=\"widget\" data-widget_type=\"image.default\">\n\t\t\t\t\t\t\t\t\t\t\t\t\t\t\t<img fetchpriority=\"high\" decoding=\"async\" width=\"1024\" height=\"669\" src=\"https:\/\/ganoyanimda.com.tr\/wp-content\/uploads\/2025\/07\/WhatsApp-Image-2024-06-04-at-11.54.30-1024x669.jpeg\" class=\"attachment-large size-large wp-image-284\" alt=\"\" srcset=\"https:\/\/ganoyanimda.com.tr\/wp-content\/uploads\/2025\/07\/WhatsApp-Image-2024-06-04-at-11.54.30-1024x669.jpeg 1024w, https:\/\/ganoyanimda.com.tr\/wp-content\/uploads\/2025\/07\/WhatsApp-Image-2024-06-04-at-11.54.30-300x196.jpeg 300w, https:\/\/ganoyanimda.com.tr\/wp-content\/uploads\/2025\/07\/WhatsApp-Image-2024-06-04-at-11.54.30-768x502.jpeg 768w, https:\/\/ganoyanimda.com.tr\/wp-content\/uploads\/2025\/07\/WhatsApp-Image-2024-06-04-at-11.54.30.jpeg 1036w\" sizes=\"(max-width: 1024px) 100vw, 1024px\" \/>\t\t\t\t\t\t\t\t\t\t\t\t\t\t\t<\/div>\n\t\t\t\t\t<\/div>\n\t\t<\/div>\n\t\t\t\t\t<\/div>\n\t\t<\/section>\n\t\t\t\t<\/div>\n\t\t","protected":false},"excerpt":{"rendered":"<p>YANINIZDA TA\u015eIYAB\u0130LECE\u011e\u0130N\u0130Z B\u0130R \u0130\u015eE SAH\u0130P OLMAK \u0130STER M\u0130S\u0130N\u0130Z ? 1. Online Part-Time \u0130\u015f F\u0131rsat\u0131nda\u00a0Hangi Avantajlara Sahip Olacaks\u0131n\u0131z?. Giri\u015fimcili\u011fin ilk ad\u0131m\u0131n\u0131 atarak, diledi\u011finiz zaman evinizden ya da ofisinizden, herhangi birine ba\u011fl\u0131&hellip;<\/p>\n","protected":false},"author":1,"featured_media":0,"parent":0,"menu_order":0,"comment_status":"closed","ping_status":"closed","template":"","meta":{"saved_in_kubio":false,"footnotes":""},"class_list":["post-342","page","type-page","status-publish","hentry"],"kubio_ai_page_context":{"short_desc":"","purpose":"general"},"_links":{"self":[{"href":"https:\/\/ganoyanimda.com.tr\/index.php?rest_route=\/wp\/v2\/pages\/342","targetHints":{"allow":["GET"]}}],"collection":[{"href":"https:\/\/ganoyanimda.com.tr\/index.php?rest_route=\/wp\/v2\/pages"}],"about":[{"href":"https:\/\/ganoyanimda.com.tr\/index.php?rest_route=\/wp\/v2\/types\/page"}],"author":[{"embeddable":true,"href":"https:\/\/ganoyanimda.com.tr\/index.php?rest_route=\/wp\/v2\/users\/1"}],"replies":[{"embeddable":true,"href":"https:\/\/ganoyanimda.com.tr\/index.php?rest_route=%2Fwp%2Fv2%2Fcomments&post=342"}],"version-history":[{"count":7,"href":"https:\/\/ganoyanimda.com.tr\/index.php?rest_route=\/wp\/v2\/pages\/342\/revisions"}],"predecessor-version":[{"id":457,"href":"https:\/\/ganoyanimda.com.tr\/index.php?rest_route=\/wp\/v2\/pages\/342\/revisions\/457"}],"wp:attachment":[{"href":"https:\/\/ganoyanimda.com.tr\/index.php?rest_route=%2Fwp%2Fv2%2Fmedia&parent=342"}],"curies":[{"name":"wp","href":"https:\/\/api.w.org\/{rel}","templated":true}]}}