{"id":346,"date":"2025-07-10T23:19:10","date_gmt":"2025-07-10T20:19:10","guid":{"rendered":"http:\/\/ganoyanimda.com.tr\/?page_id=346"},"modified":"2025-07-13T18:17:10","modified_gmt":"2025-07-13T15:17:10","slug":"luvoco-kapsul-kahveler-veluvoco-frachise-artik-turkiyede-satista","status":"publish","type":"page","link":"https:\/\/ganoyanimda.com.tr\/?page_id=346","title":{"rendered":"LUVOCO KAPS\u00dcL KAHVELER VELUVOCO FRACH\u0130SE ARTIK T\u00dcRK\u0130YE&#8217;DE SATI\u015eTA"},"content":{"rendered":"\t\t<div data-elementor-type=\"wp-page\" data-elementor-id=\"346\" class=\"elementor elementor-346\">\n\t\t\t\t\t\t<section class=\"has_eae_slider elementor-section elementor-top-section elementor-element elementor-element-d82fb42 elementor-section-boxed elementor-section-height-default elementor-section-height-default\" data-eae-slider=\"56707\" data-id=\"d82fb42\" data-element_type=\"section\">\n\t\t\t\t\t\t<div class=\"elementor-container elementor-column-gap-default\">\n\t\t\t\t\t<div class=\"has_eae_slider elementor-column elementor-col-50 elementor-top-column elementor-element elementor-element-92662b3\" data-eae-slider=\"16278\" data-id=\"92662b3\" data-element_type=\"column\">\n\t\t\t<div class=\"elementor-widget-wrap elementor-element-populated\">\n\t\t\t\t\t\t<div class=\"elementor-element elementor-element-5b4b494 elementor-widget elementor-widget-text-editor\" data-id=\"5b4b494\" data-element_type=\"widget\" data-widget_type=\"text-editor.default\">\n\t\t\t\t\t\t\t\t\t<section id=\"about-us\" class=\"section-padding-top\"><div class=\"container\"><div class=\"row\"><div class=\"col-lg-6 mb-lg-0 mb-5\"><div class=\"section-title section-before-border\"><h2>LUVOCO KAPS\u00dcL KAHVELER VE LUVOCO FRACH\u0130SE ARTIK T\u00dcRK\u0130YE&#8217;DE SATI\u015eTA<\/h2><\/div><div class=\"section-info\"><div class=\"dark-color font-w-300 h3 m-20px-b\"><p><span style=\"color: #ff0000;\"><strong>KAHVE KAPS\u00dcL\u00dc S\u0130STEM\u0130<\/strong><\/span><\/p><p>Bir Fincandaki M\u00fckemmeliyet<\/p><p>Hi\u00e7bir \u015fey sabah\u0131n ilk kahvesi kadar heyecan verici, \u00f6\u011fleden sonra i\u00e7ilen Mocha kadar g\u00fczel ve ak\u015fam yeme\u011finden sonra i\u00e7ilen Espresso kadar da dinlendirici de\u011fildir.<br \/>LUVOCO kahve kaps\u00fcl\u00fc sistemi istenildi\u011finde kahve deneyimi ya\u015famak i\u00e7in bir devrim niteli\u011finde olan, \u00f6zg\u00fcn kalitenin ve \u00e7ok y\u00f6nl\u00fc uyarlanabilir se\u00e7eneklerin m\u00fckemmel birle\u015fimini sunuyor.<br \/>LUVOCO kahve kaps\u00fcl\u00fc sistemi pratiktir ve kullan\u0131m\u0131 kolayd\u0131r. Bireysel ofisler, toplant\u0131 odalar\u0131 ve ki\u015fisel kullan\u0131m i\u00e7in idealdir. Ev Tipi makinelerle ki\u015fisel olarak uzmanla\u015ft\u0131ktan sonra kafe tipi profesyonel makinelere daha kolay adapte olabilirsiniz.<\/p><h1><span style=\"color: #ff0000;\">Franchise Sistemi<\/span><\/h1><p>LUVOCO Franchise Sistemi Distrib\u00fct\u00f6rlerimizi, a\u011f ve i\u015f kurma konusunda daha da g\u00fc\u00e7lendirerek ba\u015far\u0131ya ula\u015ft\u0131rmay\u0131 hedefler.<\/p><p>Gano Excel, uluslararas\u0131 alanda kan\u0131tlanm\u0131\u015f Network Pazarlama ba\u015far\u0131s\u0131yla ve 100\u2019den fazla \u00fclkede varl\u0131\u011f\u0131n\u0131 s\u00fcrd\u00fcrmesiyle, LUVOCO Franchise Sistemi\u2019ne dahil olmak isteyen distrib\u00fct\u00f6rlerine yeni bir i\u015f f\u0131rsat\u0131 sunar. Temel ama\u00e7, \u00e7ift kazan\u00e7 modeli olu\u015fturarak, Network Pazarlamas\u0131na ek olarak perakende sat\u0131\u015f yap\u0131lacak LUVOCO Franchise Sisteminden de gelir elde edilmesidir.<\/p><p>Perakende Kahve sat\u0131\u015f ma\u011fazalar\u0131n\u0131n (i\u00e7 ve d\u0131\u015f mekan kiosklar\u0131, ba\u011f\u0131ms\u0131z kafeler mobil \u00fcniteler ve kahve k\u00f6\u015fesi) geli\u015ftirilmesi, kurulmas\u0131 ve i\u015fletilmesi i\u00e7in e\u015fsiz olan sistem ba\u011f\u0131ms\u0131z Distrib\u00fct\u00f6rler i\u00e7in \u00f6zel ve basit bir \u015fekilde haz\u0131rlanm\u0131\u015ft\u0131r. Franchise alan, tercih ettikleri i\u015fyeri ve i\u015f konseptini kapasite ve \u00f6zelliklerine g\u00f6re se\u00e7me f\u0131rsat\u0131na sahiptir. LUVOCO Franchise Sistemi\u2019ne sahip olman\u0131n ba\u015fl\u0131ca rekabet avantaj\u0131, Distrib\u00fct\u00f6rlerin network a\u011flar\u0131n\u0131 geli\u015ftirme f\u0131rsat\u0131 sunmas\u0131d\u0131r.<\/p><p>Franchise sisteminin e\u015fsiz \u00f6zellikleri aras\u0131nda, s\u0131n\u0131rlama olmaks\u0131z\u0131n, LUVOCO markas\u0131, i\u00e7 ve d\u0131\u015f tasar\u0131m ve Franchise sahibi taraf\u0131ndan sa\u011flanan \u00f6l\u00e7\u00fclere dayal\u0131 d\u00fczenler, dekorasyonlar, renk \u015femalar\u0131, mobilya, \u00fcr\u00fcn form\u00fclleri, \u00fcr\u00fcn haz\u0131rlamak i\u00e7in spesifikasyonlar yer almaktad\u0131r. Franchise veren kahve i\u00e7ecekleri, ekipman, ekipman d\u00fczenleri, \u00e7al\u0131\u015fma prosed\u00fcrlerini de\u011fi\u015ftirme ve geli\u015ftirme hakk\u0131na sahiptir.<\/p><\/div><\/div><\/div><div class=\"col-lg-6\">\u00a0<\/div><\/div><\/div><\/section><section id=\"footer-copyright\"><div class=\"container\"><div class=\"row\"><div class=\"col-lg-6 col-12 text-lg-left text-center mb-lg-0 mb-3 copyright-text\">\u00a0<\/div><\/div><\/div><\/section>\t\t\t\t\t\t\t\t<\/div>\n\t\t\t\t\t<\/div>\n\t\t<\/div>\n\t\t\t\t<div class=\"has_eae_slider elementor-column elementor-col-50 elementor-top-column elementor-element elementor-element-1cbf892\" data-eae-slider=\"1413\" data-id=\"1cbf892\" data-element_type=\"column\">\n\t\t\t<div class=\"elementor-widget-wrap elementor-element-populated\">\n\t\t\t\t\t\t<div class=\"elementor-element elementor-element-f66a383 elementor-widget elementor-widget-image\" data-id=\"f66a383\" data-element_type=\"widget\" data-widget_type=\"image.default\">\n\t\t\t\t\t\t\t\t\t\t\t\t\t\t\t<img fetchpriority=\"high\" decoding=\"async\" width=\"1024\" height=\"523\" src=\"https:\/\/ganoyanimda.com.tr\/wp-content\/uploads\/2025\/07\/WhatsApp-Image-2024-04-21-at-13.10.43-1024x523.jpeg\" class=\"attachment-large size-large wp-image-336\" alt=\"\" srcset=\"https:\/\/ganoyanimda.com.tr\/wp-content\/uploads\/2025\/07\/WhatsApp-Image-2024-04-21-at-13.10.43-1024x523.jpeg 1024w, https:\/\/ganoyanimda.com.tr\/wp-content\/uploads\/2025\/07\/WhatsApp-Image-2024-04-21-at-13.10.43-300x153.jpeg 300w, https:\/\/ganoyanimda.com.tr\/wp-content\/uploads\/2025\/07\/WhatsApp-Image-2024-04-21-at-13.10.43-768x392.jpeg 768w, https:\/\/ganoyanimda.com.tr\/wp-content\/uploads\/2025\/07\/WhatsApp-Image-2024-04-21-at-13.10.43.jpeg 1231w\" sizes=\"(max-width: 1024px) 100vw, 1024px\" \/>\t\t\t\t\t\t\t\t\t\t\t\t\t\t\t<\/div>\n\t\t\t\t\t<\/div>\n\t\t<\/div>\n\t\t\t\t\t<\/div>\n\t\t<\/section>\n\t\t\t\t<\/div>\n\t\t","protected":false},"excerpt":{"rendered":"<p>LUVOCO KAPS\u00dcL KAHVELER VE LUVOCO FRACH\u0130SE ARTIK T\u00dcRK\u0130YE&#8217;DE SATI\u015eTA KAHVE KAPS\u00dcL\u00dc S\u0130STEM\u0130 Bir Fincandaki M\u00fckemmeliyet Hi\u00e7bir \u015fey sabah\u0131n ilk kahvesi kadar heyecan verici, \u00f6\u011fleden sonra i\u00e7ilen Mocha kadar g\u00fczel ve&hellip;<\/p>\n","protected":false},"author":1,"featured_media":0,"parent":0,"menu_order":0,"comment_status":"closed","ping_status":"closed","template":"","meta":{"saved_in_kubio":false,"footnotes":""},"class_list":["post-346","page","type-page","status-publish","hentry"],"kubio_ai_page_context":{"short_desc":"","purpose":"general"},"_links":{"self":[{"href":"https:\/\/ganoyanimda.com.tr\/index.php?rest_route=\/wp\/v2\/pages\/346","targetHints":{"allow":["GET"]}}],"collection":[{"href":"https:\/\/ganoyanimda.com.tr\/index.php?rest_route=\/wp\/v2\/pages"}],"about":[{"href":"https:\/\/ganoyanimda.com.tr\/index.php?rest_route=\/wp\/v2\/types\/page"}],"author":[{"embeddable":true,"href":"https:\/\/ganoyanimda.com.tr\/index.php?rest_route=\/wp\/v2\/users\/1"}],"replies":[{"embeddable":true,"href":"https:\/\/ganoyanimda.com.tr\/index.php?rest_route=%2Fwp%2Fv2%2Fcomments&post=346"}],"version-history":[{"count":7,"href":"https:\/\/ganoyanimda.com.tr\/index.php?rest_route=\/wp\/v2\/pages\/346\/revisions"}],"predecessor-version":[{"id":450,"href":"https:\/\/ganoyanimda.com.tr\/index.php?rest_route=\/wp\/v2\/pages\/346\/revisions\/450"}],"wp:attachment":[{"href":"https:\/\/ganoyanimda.com.tr\/index.php?rest_route=%2Fwp%2Fv2%2Fmedia&parent=346"}],"curies":[{"name":"wp","href":"https:\/\/api.w.org\/{rel}","templated":true}]}}