{"id":348,"date":"2025-07-10T23:19:27","date_gmt":"2025-07-10T20:19:27","guid":{"rendered":"http:\/\/ganoyanimda.com.tr\/?page_id=348"},"modified":"2025-07-13T18:19:33","modified_gmt":"2025-07-13T15:19:33","slug":"gano-excel-ile-saglikli-yasamin-anahtari","status":"publish","type":"page","link":"https:\/\/ganoyanimda.com.tr\/?page_id=348","title":{"rendered":"GANO EXCEL \u0130LE SA\u011eLIKLI YA\u015eAMIN ANAHTARI"},"content":{"rendered":"\t\t<div data-elementor-type=\"wp-page\" data-elementor-id=\"348\" class=\"elementor elementor-348\">\n\t\t\t\t\t\t<section class=\"has_eae_slider elementor-section elementor-top-section elementor-element elementor-element-026f849 elementor-section-boxed elementor-section-height-default elementor-section-height-default\" data-eae-slider=\"98079\" data-id=\"026f849\" data-element_type=\"section\">\n\t\t\t\t\t\t<div class=\"elementor-container elementor-column-gap-default\">\n\t\t\t\t\t<div class=\"has_eae_slider elementor-column elementor-col-50 elementor-top-column elementor-element elementor-element-735a7ad\" data-eae-slider=\"48095\" data-id=\"735a7ad\" data-element_type=\"column\">\n\t\t\t<div class=\"elementor-widget-wrap elementor-element-populated\">\n\t\t\t\t\t\t<div class=\"elementor-element elementor-element-4660017 elementor-widget__width-initial elementor-widget elementor-widget-text-editor\" data-id=\"4660017\" data-element_type=\"widget\" data-widget_type=\"text-editor.default\">\n\t\t\t\t\t\t\t\t\t<div class=\"section-title section-before-border\"><h1>Gano Excel ile Sa\u011fl\u0131kl\u0131 Ya\u015fam\u0131n Anahtar\u0131<\/h1><\/div><div class=\"section-info\"><div class=\"article-header\"><div class=\"article-details\"><h2><span style=\"color: #ff0000;\"><strong>Gano Excel ile Sa\u011fl\u0131kl\u0131 Ya\u015fam\u0131n Anahtar\u0131<\/strong><\/span><\/h2><\/div><\/div><\/div><p>G\u00fcn\u00fcm\u00fczde sa\u011fl\u0131kl\u0131 ya\u015famak ve v\u00fccudumuzu desteklemek her zamankinden daha \u00f6nemli. Gano Excel, bu ama\u00e7la do\u011fadan gelen mucizevi bir kaynak sunuyor. Bu blog yaz\u0131s\u0131nda, Gano Excel\u2019in sa\u011fl\u0131k ve zindelik \u00fczerindeki etkilerini ke\u015ffedece\u011fiz ve \u00fccretsiz kaydolma f\u0131rsat\u0131n\u0131 ka\u00e7\u0131rmaman\u0131z\u0131 sa\u011flayaca\u011f\u0131z.<\/p><ol><li><span style=\"color: #ff0000;\"><strong>Gano Excel Nedir?<\/strong><\/span><ul><li>Gano Excel, \u015fifal\u0131 mantarlar\u0131n g\u00fcc\u00fcn\u00fc kahve ve di\u011fer i\u00e7eceklerde sunan bir markad\u0131r.<\/li><li>\u00dcr\u00fcnleri, \u00f6zellikle Reishi mantar\u0131 gibi sa\u011fl\u0131k faydalar\u0131 ile bilinen mantarlarla zenginle\u015ftirilmi\u015ftir.<\/li><\/ul><\/li><li><span style=\"color: #ff0000;\"><strong>Gano Excel\u2019in Sa\u011fl\u0131k Faydalar\u0131<\/strong><\/span><ul><li>Reishi mantar\u0131 gibi \u015fifal\u0131 mantarlar, ba\u011f\u0131\u015f\u0131kl\u0131k sistemini g\u00fc\u00e7lendirebilir ve genel sa\u011fl\u0131\u011f\u0131 destekleyebilir.<\/li><li>Gano Excel i\u00e7ecekleri, antioksidanlar a\u00e7\u0131s\u0131ndan zengindir ve v\u00fccudu serbest radikallerin zararl\u0131 etkilerine kar\u015f\u0131 korur.<\/li><li>D\u00fczenli t\u00fcketildi\u011finde, Gano Excel \u00fcr\u00fcnleri enerji seviyelerini art\u0131rabilir ve stresle ba\u015fa \u00e7\u0131kmaya yard\u0131mc\u0131 olabilir.<\/li><\/ul><\/li><li><span style=\"color: #ff0000;\"><strong>\u00dccretsiz Kay\u0131t \u0130mkan\u0131 ve Avantajlar\u0131<\/strong><\/span><ul><li>Gano Excel\u2019e \u00fccretsiz kay\u0131t yapt\u0131rmak, \u00fcr\u00fcnleri deneme ve i\u015f f\u0131rsatlar\u0131n\u0131 ke\u015ffetme \u015fans\u0131 sunar.<\/li><li>\u00dccretsiz kay\u0131t yapt\u0131ranlar, \u00f6zel indirimlerden ve promosyonlardan yararlanabilir.<\/li><li>Ayr\u0131ca, Gano Excel ailesine kat\u0131larak sa\u011fl\u0131k ve zindelik \u00fczerine bilgi edinme ve payla\u015fma f\u0131rsat\u0131 elde edersiniz.<\/li><\/ul><\/li><li><span style=\"color: #ff0000;\"><strong>Ki\u015fisel Deneyimler ve \u0130ncelemeler<\/strong><\/span><ul><li>Gano Excel\u2019i kullanan ki\u015filerin deneyimleri ve incelemeleri, \u00fcr\u00fcnlerin etkileri hakk\u0131nda \u00f6nemli bir kaynakt\u0131r.<\/li><li>\u0130nsanlar\u0131n Gano Excel ile ya\u015fad\u0131klar\u0131 olumlu de\u011fi\u015fiklikler ve sa\u011fl\u0131k faydalar\u0131 hakk\u0131ndaki ger\u00e7ek hikayeler, \u00fcr\u00fcnlerin etkinli\u011fini destekler.<\/li><\/ul><\/li><li><span style=\"color: #ff0000;\"><strong>Sonu\u00e7: Gano Excel ile Do\u011fadan Gelen Sa\u011fl\u0131k ve Zindelik<\/strong><\/span><ul><li>Gano Excel, do\u011fal i\u00e7erikleri ve \u015fifal\u0131 mantarlar\u0131yla sa\u011fl\u0131kl\u0131 bir ya\u015fam tarz\u0131n\u0131 destekler.<\/li><li>\u00dccretsiz kay\u0131t f\u0131rsat\u0131yla, herkes Gano Excel\u2019in sa\u011fl\u0131k faydalar\u0131n\u0131 ve i\u015f f\u0131rsatlar\u0131n\u0131 ke\u015ffetme \u015fans\u0131na sahiptir.<\/li><li>Sa\u011fl\u0131kl\u0131 ve zinde bir ya\u015fam i\u00e7in Gano Excel\u2019i denemek, do\u011fadan gelen mucizevi bir destek sa\u011flayabilir.<\/li><\/ul><\/li><\/ol>\t\t\t\t\t\t\t\t<\/div>\n\t\t\t\t\t<\/div>\n\t\t<\/div>\n\t\t\t\t<div class=\"has_eae_slider elementor-column elementor-col-50 elementor-top-column elementor-element elementor-element-5f7c58d\" data-eae-slider=\"8564\" data-id=\"5f7c58d\" data-element_type=\"column\">\n\t\t\t<div class=\"elementor-widget-wrap elementor-element-populated\">\n\t\t\t\t\t\t<div class=\"elementor-element elementor-element-931cbc7 elementor-widget elementor-widget-image\" data-id=\"931cbc7\" data-element_type=\"widget\" data-widget_type=\"image.default\">\n\t\t\t\t\t\t\t\t\t\t\t\t\t\t\t<img fetchpriority=\"high\" decoding=\"async\" width=\"750\" height=\"500\" src=\"https:\/\/ganoyanimda.com.tr\/wp-content\/uploads\/2025\/07\/Acik-Havada-Yapilabilecek-En-Etkili-Egzersizler.jpg\" class=\"attachment-large size-large wp-image-335\" alt=\"\" srcset=\"https:\/\/ganoyanimda.com.tr\/wp-content\/uploads\/2025\/07\/Acik-Havada-Yapilabilecek-En-Etkili-Egzersizler.jpg 750w, https:\/\/ganoyanimda.com.tr\/wp-content\/uploads\/2025\/07\/Acik-Havada-Yapilabilecek-En-Etkili-Egzersizler-300x200.jpg 300w\" sizes=\"(max-width: 750px) 100vw, 750px\" \/>\t\t\t\t\t\t\t\t\t\t\t\t\t\t\t<\/div>\n\t\t\t\t\t<\/div>\n\t\t<\/div>\n\t\t\t\t\t<\/div>\n\t\t<\/section>\n\t\t\t\t<\/div>\n\t\t","protected":false},"excerpt":{"rendered":"<p>Gano Excel ile Sa\u011fl\u0131kl\u0131 Ya\u015fam\u0131n Anahtar\u0131 Gano Excel ile Sa\u011fl\u0131kl\u0131 Ya\u015fam\u0131n Anahtar\u0131 G\u00fcn\u00fcm\u00fczde sa\u011fl\u0131kl\u0131 ya\u015famak ve v\u00fccudumuzu desteklemek her zamankinden daha \u00f6nemli. Gano Excel, bu ama\u00e7la do\u011fadan gelen mucizevi bir&hellip;<\/p>\n","protected":false},"author":1,"featured_media":0,"parent":0,"menu_order":0,"comment_status":"closed","ping_status":"closed","template":"","meta":{"saved_in_kubio":false,"footnotes":""},"class_list":["post-348","page","type-page","status-publish","hentry"],"kubio_ai_page_context":{"short_desc":"","purpose":"general"},"_links":{"self":[{"href":"https:\/\/ganoyanimda.com.tr\/index.php?rest_route=\/wp\/v2\/pages\/348","targetHints":{"allow":["GET"]}}],"collection":[{"href":"https:\/\/ganoyanimda.com.tr\/index.php?rest_route=\/wp\/v2\/pages"}],"about":[{"href":"https:\/\/ganoyanimda.com.tr\/index.php?rest_route=\/wp\/v2\/types\/page"}],"author":[{"embeddable":true,"href":"https:\/\/ganoyanimda.com.tr\/index.php?rest_route=\/wp\/v2\/users\/1"}],"replies":[{"embeddable":true,"href":"https:\/\/ganoyanimda.com.tr\/index.php?rest_route=%2Fwp%2Fv2%2Fcomments&post=348"}],"version-history":[{"count":14,"href":"https:\/\/ganoyanimda.com.tr\/index.php?rest_route=\/wp\/v2\/pages\/348\/revisions"}],"predecessor-version":[{"id":453,"href":"https:\/\/ganoyanimda.com.tr\/index.php?rest_route=\/wp\/v2\/pages\/348\/revisions\/453"}],"wp:attachment":[{"href":"https:\/\/ganoyanimda.com.tr\/index.php?rest_route=%2Fwp%2Fv2%2Fmedia&parent=348"}],"curies":[{"name":"wp","href":"https:\/\/api.w.org\/{rel}","templated":true}]}}