{"id":36,"date":"2025-07-06T21:17:26","date_gmt":"2025-07-06T18:17:26","guid":{"rendered":"http:\/\/ganoyanimda.com.tr\/?page_id=36"},"modified":"2025-07-19T23:50:48","modified_gmt":"2025-07-19T20:50:48","slug":"icecek-gurubu","status":"publish","type":"page","link":"https:\/\/ganoyanimda.com.tr\/?page_id=36","title":{"rendered":"\u0130\u00c7ECEK GURUBU"},"content":{"rendered":"\t\t<div data-elementor-type=\"wp-page\" data-elementor-id=\"36\" class=\"elementor elementor-36\">\n\t\t\t\t\t\t<section class=\"has_eae_slider elementor-section elementor-top-section elementor-element elementor-element-dcac5e3 elementor-section-boxed elementor-section-height-default elementor-section-height-default\" data-eae-slider=\"2145\" data-id=\"dcac5e3\" data-element_type=\"section\">\n\t\t\t\t\t\t<div class=\"elementor-container elementor-column-gap-default\">\n\t\t\t\t\t<div class=\"has_eae_slider elementor-column elementor-col-33 elementor-top-column elementor-element elementor-element-c645613\" data-eae-slider=\"18310\" data-id=\"c645613\" data-element_type=\"column\">\n\t\t\t<div class=\"elementor-widget-wrap elementor-element-populated\">\n\t\t\t\t\t\t<div class=\"elementor-element elementor-element-474194b popmake-639\t elementor-widget elementor-widget-image\" data-id=\"474194b\" data-element_type=\"widget\" data-widget_type=\"image.default\">\n\t\t\t\t\t\t\t\t\t\t\t\t\t\t\t<img fetchpriority=\"high\" decoding=\"async\" width=\"800\" height=\"533\" src=\"https:\/\/ganoyanimda.com.tr\/wp-content\/uploads\/2025\/07\/GANOCAFE3IN1.jpg\" class=\"elementor-animation-grow attachment-large size-large wp-image-296\" alt=\"\" srcset=\"https:\/\/ganoyanimda.com.tr\/wp-content\/uploads\/2025\/07\/GANOCAFE3IN1.jpg 800w, https:\/\/ganoyanimda.com.tr\/wp-content\/uploads\/2025\/07\/GANOCAFE3IN1-300x200.jpg 300w, https:\/\/ganoyanimda.com.tr\/wp-content\/uploads\/2025\/07\/GANOCAFE3IN1-768x512.jpg 768w\" sizes=\"(max-width: 800px) 100vw, 800px\" \/>\t\t\t\t\t\t\t\t\t\t\t\t\t\t\t<\/div>\n\t\t\t\t<div class=\"elementor-element elementor-element-07ca8d5 elementor-widget elementor-widget-text-editor\" data-id=\"07ca8d5\" data-element_type=\"widget\" data-widget_type=\"text-editor.default\">\n\t\t\t\t\t\t\t\t\t<div class=\"entry-header mb-3\"><h2 class=\"card-title entry-title h4 mb-0\">GANO CAFE 3 IN 1<\/h2><\/div><p class=\"card-text entry-summary text-secondary\">Gano Cafe 3 in 1, d\u00fcnyada kahve ve Ganoderma Lucidum kombinasyonu ile t\u00fcketiciye sunula&#8230;<\/p>\t\t\t\t\t\t\t\t<\/div>\n\t\t\t\t\t<\/div>\n\t\t<\/div>\n\t\t\t\t<div class=\"has_eae_slider elementor-column elementor-col-33 elementor-top-column elementor-element elementor-element-0c1edef\" data-eae-slider=\"70151\" data-id=\"0c1edef\" data-element_type=\"column\">\n\t\t\t<div class=\"elementor-widget-wrap elementor-element-populated\">\n\t\t\t\t\t\t<div class=\"elementor-element elementor-element-ca14818 popmake-640\t elementor-widget elementor-widget-image\" data-id=\"ca14818\" data-element_type=\"widget\" data-widget_type=\"image.default\">\n\t\t\t\t\t\t\t\t\t\t\t\t\t\t\t<img decoding=\"async\" width=\"800\" height=\"533\" src=\"https:\/\/ganoyanimda.com.tr\/wp-content\/uploads\/2025\/07\/GANOCAFECLASSIC.jpg\" class=\"elementor-animation-grow attachment-large size-large wp-image-288\" alt=\"\" srcset=\"https:\/\/ganoyanimda.com.tr\/wp-content\/uploads\/2025\/07\/GANOCAFECLASSIC.jpg 800w, https:\/\/ganoyanimda.com.tr\/wp-content\/uploads\/2025\/07\/GANOCAFECLASSIC-300x200.jpg 300w, https:\/\/ganoyanimda.com.tr\/wp-content\/uploads\/2025\/07\/GANOCAFECLASSIC-768x512.jpg 768w\" sizes=\"(max-width: 800px) 100vw, 800px\" \/>\t\t\t\t\t\t\t\t\t\t\t\t\t\t\t<\/div>\n\t\t\t\t<div class=\"elementor-element elementor-element-ac5e2c2 elementor-widget elementor-widget-text-editor\" data-id=\"ac5e2c2\" data-element_type=\"widget\" data-widget_type=\"text-editor.default\">\n\t\t\t\t\t\t\t\t\t<div class=\"col-12 col-lg-4 mb-3\"><article><div class=\"card border-0\"><div class=\"card-body border bg-white p-3\"><div class=\"entry-header mb-3\"><h2 class=\"card-title entry-title h4 mb-0\">GANOCAFE CLASSIC<\/h2><\/div><p class=\"card-text entry-summary text-secondary\">Ganocafe Classic, Ganoderma Lucidum \u00f6z\u00fc ile kahveden harmanlanan haz\u0131r bir siyah kahved&#8230;<\/p><\/div><\/div><\/article><\/div><div class=\"col-12 col-lg-4 mb-3\"><article><div class=\"card border-0\">\u00a0<\/div><\/article><\/div>\t\t\t\t\t\t\t\t<\/div>\n\t\t\t\t\t<\/div>\n\t\t<\/div>\n\t\t\t\t<div class=\"has_eae_slider elementor-column elementor-col-33 elementor-top-column elementor-element elementor-element-df56561\" data-eae-slider=\"19865\" data-id=\"df56561\" data-element_type=\"column\">\n\t\t\t<div class=\"elementor-widget-wrap elementor-element-populated\">\n\t\t\t\t\t\t<div class=\"elementor-element elementor-element-d139d5f popmake-641\t elementor-widget elementor-widget-image\" data-id=\"d139d5f\" data-element_type=\"widget\" data-widget_type=\"image.default\">\n\t\t\t\t\t\t\t\t\t\t\t\t\t\t\t<img decoding=\"async\" width=\"800\" height=\"533\" src=\"https:\/\/ganoyanimda.com.tr\/wp-content\/uploads\/2025\/07\/GANOSUPRENO.jpg\" class=\"elementor-animation-grow attachment-large size-large wp-image-293\" alt=\"\" srcset=\"https:\/\/ganoyanimda.com.tr\/wp-content\/uploads\/2025\/07\/GANOSUPRENO.jpg 800w, https:\/\/ganoyanimda.com.tr\/wp-content\/uploads\/2025\/07\/GANOSUPRENO-300x200.jpg 300w, https:\/\/ganoyanimda.com.tr\/wp-content\/uploads\/2025\/07\/GANOSUPRENO-768x512.jpg 768w\" sizes=\"(max-width: 800px) 100vw, 800px\" \/>\t\t\t\t\t\t\t\t\t\t\t\t\t\t\t<\/div>\n\t\t\t\t<div class=\"elementor-element elementor-element-991305b elementor-widget elementor-widget-text-editor\" data-id=\"991305b\" data-element_type=\"widget\" data-widget_type=\"text-editor.default\">\n\t\t\t\t\t\t\t\t\t<div class=\"entry-header mb-3\"><h2 class=\"card-title entry-title h4 mb-0\">GANO SUPRENO<\/h2><\/div><p class=\"card-text entry-summary text-secondary\">Supreno, g\u00fczel aromal\u0131 kremal\u0131 kahveden ho\u015flanan ki\u015filer i\u00e7in \u00f6zel olarak harmanlanm\u0131\u015ft&#8230;<\/p>\t\t\t\t\t\t\t\t<\/div>\n\t\t\t\t\t<\/div>\n\t\t<\/div>\n\t\t\t\t\t<\/div>\n\t\t<\/section>\n\t\t\t\t<section class=\"has_eae_slider elementor-section elementor-top-section elementor-element elementor-element-31890f5 elementor-section-boxed elementor-section-height-default elementor-section-height-default\" data-eae-slider=\"98143\" data-id=\"31890f5\" data-element_type=\"section\">\n\t\t\t\t\t\t<div class=\"elementor-container elementor-column-gap-default\">\n\t\t\t\t\t<div class=\"has_eae_slider elementor-column elementor-col-33 elementor-top-column elementor-element elementor-element-48d7c01\" data-eae-slider=\"62435\" data-id=\"48d7c01\" data-element_type=\"column\">\n\t\t\t<div class=\"elementor-widget-wrap elementor-element-populated\">\n\t\t\t\t\t\t<div class=\"elementor-element elementor-element-33b6d60 popmake-642\t elementor-widget elementor-widget-image\" data-id=\"33b6d60\" data-element_type=\"widget\" data-widget_type=\"image.default\">\n\t\t\t\t\t\t\t\t\t\t\t\t\t\t\t<img loading=\"lazy\" decoding=\"async\" width=\"800\" height=\"533\" src=\"https:\/\/ganoyanimda.com.tr\/wp-content\/uploads\/2025\/07\/GANOCAFEMOCHA.jpg\" class=\"elementor-animation-grow attachment-large size-large wp-image-290\" alt=\"\" srcset=\"https:\/\/ganoyanimda.com.tr\/wp-content\/uploads\/2025\/07\/GANOCAFEMOCHA.jpg 800w, https:\/\/ganoyanimda.com.tr\/wp-content\/uploads\/2025\/07\/GANOCAFEMOCHA-300x200.jpg 300w, https:\/\/ganoyanimda.com.tr\/wp-content\/uploads\/2025\/07\/GANOCAFEMOCHA-768x512.jpg 768w\" sizes=\"(max-width: 800px) 100vw, 800px\" \/>\t\t\t\t\t\t\t\t\t\t\t\t\t\t\t<\/div>\n\t\t\t\t<div class=\"elementor-element elementor-element-9244b16 elementor-widget elementor-widget-text-editor\" data-id=\"9244b16\" data-element_type=\"widget\" data-widget_type=\"text-editor.default\">\n\t\t\t\t\t\t\t\t\t<div class=\"entry-header mb-3\"><h2 class=\"card-title entry-title h4 mb-0\">GANOCAFE MOCHA<\/h2><\/div><p class=\"card-text entry-summary text-secondary\">Ganocafe Mocha, kahve tozu, kakao tozu ve Ganoderma Lucidum \u00f6z\u00fcn\u00fcn bir kombinasyonudur&#8230;.<\/p>\t\t\t\t\t\t\t\t<\/div>\n\t\t\t\t\t<\/div>\n\t\t<\/div>\n\t\t\t\t<div class=\"has_eae_slider elementor-column elementor-col-33 elementor-top-column elementor-element elementor-element-81e3ca1\" data-eae-slider=\"85339\" data-id=\"81e3ca1\" data-element_type=\"column\">\n\t\t\t<div class=\"elementor-widget-wrap elementor-element-populated\">\n\t\t\t\t\t\t<div class=\"elementor-element elementor-element-d4655c6 popmake-643\t elementor-widget elementor-widget-image\" data-id=\"d4655c6\" data-element_type=\"widget\" data-widget_type=\"image.default\">\n\t\t\t\t\t\t\t\t\t\t\t\t\t\t\t<img loading=\"lazy\" decoding=\"async\" width=\"800\" height=\"533\" src=\"https:\/\/ganoyanimda.com.tr\/wp-content\/uploads\/2025\/07\/GANOSCHOKOLADE.jpg\" class=\"elementor-animation-grow attachment-large size-large wp-image-292\" alt=\"\" srcset=\"https:\/\/ganoyanimda.com.tr\/wp-content\/uploads\/2025\/07\/GANOSCHOKOLADE.jpg 800w, https:\/\/ganoyanimda.com.tr\/wp-content\/uploads\/2025\/07\/GANOSCHOKOLADE-300x200.jpg 300w, https:\/\/ganoyanimda.com.tr\/wp-content\/uploads\/2025\/07\/GANOSCHOKOLADE-768x512.jpg 768w\" sizes=\"(max-width: 800px) 100vw, 800px\" \/>\t\t\t\t\t\t\t\t\t\t\t\t\t\t\t<\/div>\n\t\t\t\t<div class=\"elementor-element elementor-element-527839c elementor-widget elementor-widget-text-editor\" data-id=\"527839c\" data-element_type=\"widget\" data-widget_type=\"text-editor.default\">\n\t\t\t\t\t\t\t\t\t<div class=\"entry-header mb-3\"><h2 class=\"card-title entry-title h4 mb-0\">GANO SCHOKOLADE<\/h2><\/div><p class=\"card-text entry-summary text-secondary\">Ganoderma Lucidum bitkisini, Gano Excel olarak kontroll\u00fc ko\u015fullarda ve GMP standartlar\u0131&#8230;<\/p>\t\t\t\t\t\t\t\t<\/div>\n\t\t\t\t\t<\/div>\n\t\t<\/div>\n\t\t\t\t<div class=\"has_eae_slider elementor-column elementor-col-33 elementor-top-column elementor-element elementor-element-30e8629\" data-eae-slider=\"99630\" data-id=\"30e8629\" data-element_type=\"column\">\n\t\t\t<div class=\"elementor-widget-wrap elementor-element-populated\">\n\t\t\t\t\t\t<div class=\"elementor-element elementor-element-d4a4786 popmake-778 elementor-widget elementor-widget-image\" data-id=\"d4a4786\" data-element_type=\"widget\" data-widget_type=\"image.default\">\n\t\t\t\t\t\t\t\t\t\t\t\t\t\t\t<img loading=\"lazy\" decoding=\"async\" width=\"800\" height=\"533\" src=\"https:\/\/ganoyanimda.com.tr\/wp-content\/uploads\/2025\/07\/GANOROOIBOS.jpg\" class=\"elementor-animation-grow attachment-large size-large wp-image-291\" alt=\"\" srcset=\"https:\/\/ganoyanimda.com.tr\/wp-content\/uploads\/2025\/07\/GANOROOIBOS.jpg 800w, https:\/\/ganoyanimda.com.tr\/wp-content\/uploads\/2025\/07\/GANOROOIBOS-300x200.jpg 300w, https:\/\/ganoyanimda.com.tr\/wp-content\/uploads\/2025\/07\/GANOROOIBOS-768x512.jpg 768w\" sizes=\"(max-width: 800px) 100vw, 800px\" \/>\t\t\t\t\t\t\t\t\t\t\t\t\t\t\t<\/div>\n\t\t\t\t<div class=\"elementor-element elementor-element-d7dfd1a elementor-widget elementor-widget-text-editor\" data-id=\"d7dfd1a\" data-element_type=\"widget\" data-widget_type=\"text-editor.default\">\n\t\t\t\t\t\t\t\t\t<div class=\"entry-header mb-3\"><h2 class=\"card-title entry-title h4 mb-0\">OLEAF GANO ROOIBOS<\/h2><\/div><p class=\"card-text entry-summary text-secondary\">Ganotea SOD (Super Oksit Dismutaz), form\u00fcl\u00fc ile G\u00fcney Afrika k\u00f6kenli Rooibos \u00c7ay\u0131ndan (&#8230;<\/p>\t\t\t\t\t\t\t\t<\/div>\n\t\t\t\t\t<\/div>\n\t\t<\/div>\n\t\t\t\t\t<\/div>\n\t\t<\/section>\n\t\t\t\t<section class=\"has_eae_slider elementor-section elementor-top-section elementor-element elementor-element-00db48d elementor-section-boxed elementor-section-height-default elementor-section-height-default\" data-eae-slider=\"44873\" data-id=\"00db48d\" data-element_type=\"section\">\n\t\t\t\t\t\t<div class=\"elementor-container elementor-column-gap-default\">\n\t\t\t\t\t<div class=\"has_eae_slider elementor-column elementor-col-33 elementor-top-column elementor-element elementor-element-8823351\" data-eae-slider=\"47971\" data-id=\"8823351\" data-element_type=\"column\">\n\t\t\t<div class=\"elementor-widget-wrap elementor-element-populated\">\n\t\t\t\t\t\t<div class=\"elementor-element elementor-element-4f15763 popmake-645\t elementor-widget elementor-widget-image\" data-id=\"4f15763\" data-element_type=\"widget\" data-widget_type=\"image.default\">\n\t\t\t\t\t\t\t\t\t\t\t\t\t\t\t<img loading=\"lazy\" decoding=\"async\" width=\"800\" height=\"533\" src=\"https:\/\/ganoyanimda.com.tr\/wp-content\/uploads\/2025\/07\/SHOKORICO.jpg\" class=\"elementor-animation-grow attachment-large size-large wp-image-289\" alt=\"\" srcset=\"https:\/\/ganoyanimda.com.tr\/wp-content\/uploads\/2025\/07\/SHOKORICO.jpg 800w, https:\/\/ganoyanimda.com.tr\/wp-content\/uploads\/2025\/07\/SHOKORICO-300x200.jpg 300w, https:\/\/ganoyanimda.com.tr\/wp-content\/uploads\/2025\/07\/SHOKORICO-768x512.jpg 768w\" sizes=\"(max-width: 800px) 100vw, 800px\" \/>\t\t\t\t\t\t\t\t\t\t\t\t\t\t\t<\/div>\n\t\t\t\t<div class=\"elementor-element elementor-element-fe52724 elementor-widget elementor-widget-text-editor\" data-id=\"fe52724\" data-element_type=\"widget\" data-widget_type=\"text-editor.default\">\n\t\t\t\t\t\t\t\t\t<div class=\"entry-header mb-3\"><h2 class=\"card-title entry-title h4 mb-0\">GANOCAFE SHOKORICO<\/h2><\/div><p class=\"card-text entry-summary text-secondary\">Ganocafe Shokorico, vanilya, malt \u00f6z\u00fc ve fazla \u015feker i\u00e7ermeyen zengin tada sahip bir ka&#8230;<\/p>\t\t\t\t\t\t\t\t<\/div>\n\t\t\t\t\t<\/div>\n\t\t<\/div>\n\t\t\t\t<div class=\"has_eae_slider elementor-column elementor-col-33 elementor-top-column elementor-element elementor-element-3f0c53f\" data-eae-slider=\"43062\" data-id=\"3f0c53f\" data-element_type=\"column\">\n\t\t\t<div class=\"elementor-widget-wrap elementor-element-populated\">\n\t\t\t\t\t\t<div class=\"elementor-element elementor-element-ff6613f popmake-646\t elementor-widget elementor-widget-image\" data-id=\"ff6613f\" data-element_type=\"widget\" data-widget_type=\"image.default\">\n\t\t\t\t\t\t\t\t\t\t\t\t\t\t\t<img loading=\"lazy\" decoding=\"async\" width=\"800\" height=\"533\" src=\"https:\/\/ganoyanimda.com.tr\/wp-content\/uploads\/2025\/07\/MOCHARICO.jpg\" class=\"elementor-animation-grow attachment-large size-large wp-image-295\" alt=\"\" srcset=\"https:\/\/ganoyanimda.com.tr\/wp-content\/uploads\/2025\/07\/MOCHARICO.jpg 800w, https:\/\/ganoyanimda.com.tr\/wp-content\/uploads\/2025\/07\/MOCHARICO-300x200.jpg 300w, https:\/\/ganoyanimda.com.tr\/wp-content\/uploads\/2025\/07\/MOCHARICO-768x512.jpg 768w\" sizes=\"(max-width: 800px) 100vw, 800px\" \/>\t\t\t\t\t\t\t\t\t\t\t\t\t\t\t<\/div>\n\t\t\t\t<div class=\"elementor-element elementor-element-2df4ed5 elementor-widget elementor-widget-text-editor\" data-id=\"2df4ed5\" data-element_type=\"widget\" data-widget_type=\"text-editor.default\">\n\t\t\t\t\t\t\t\t\t<div class=\"entry-header mb-3\"><h2 class=\"card-title entry-title h4 mb-0\">GANOCAFE MOCHARICO<\/h2><\/div><p class=\"card-text entry-summary text-secondary\">Ganocafe Mocharico, bir fincan mocha aromas\u0131 ile kahvenin tad\u0131n\u0131 \u00e7\u0131karmak isteyen ancak&#8230;<\/p>\t\t\t\t\t\t\t\t<\/div>\n\t\t\t\t\t<\/div>\n\t\t<\/div>\n\t\t\t\t<div class=\"has_eae_slider elementor-column elementor-col-33 elementor-top-column elementor-element elementor-element-1354849\" data-eae-slider=\"96224\" data-id=\"1354849\" data-element_type=\"column\">\n\t\t\t<div class=\"elementor-widget-wrap elementor-element-populated\">\n\t\t\t\t\t\t<div class=\"elementor-element elementor-element-e3ed1b9 popmake-647\t elementor-widget elementor-widget-image\" data-id=\"e3ed1b9\" data-element_type=\"widget\" data-widget_type=\"image.default\">\n\t\t\t\t\t\t\t\t\t\t\t\t\t\t\t<img loading=\"lazy\" decoding=\"async\" width=\"800\" height=\"533\" src=\"https:\/\/ganoyanimda.com.tr\/wp-content\/uploads\/2025\/07\/LATTERICO.jpg\" class=\"elementor-animation-grow attachment-large size-large wp-image-294\" alt=\"\" srcset=\"https:\/\/ganoyanimda.com.tr\/wp-content\/uploads\/2025\/07\/LATTERICO.jpg 800w, https:\/\/ganoyanimda.com.tr\/wp-content\/uploads\/2025\/07\/LATTERICO-300x200.jpg 300w, https:\/\/ganoyanimda.com.tr\/wp-content\/uploads\/2025\/07\/LATTERICO-768x512.jpg 768w\" sizes=\"(max-width: 800px) 100vw, 800px\" \/>\t\t\t\t\t\t\t\t\t\t\t\t\t\t\t<\/div>\n\t\t\t\t<div class=\"elementor-element elementor-element-2773da4 elementor-widget elementor-widget-text-editor\" data-id=\"2773da4\" data-element_type=\"widget\" data-widget_type=\"text-editor.default\">\n\t\t\t\t\t\t\t\t\t<div class=\"entry-header mb-3\"><h2 class=\"card-title entry-title h4 mb-0\">GANOCAFE LATTERICO<\/h2><\/div><p class=\"card-text entry-summary text-secondary\">Ganoderma Lucidum, y\u00fczy\u0131llard\u0131r \u00f6zellikle uzakdo\u011fu \u00fclkelerinde yararl\u0131 bir bitki olarak&#8230;<\/p>\t\t\t\t\t\t\t\t<\/div>\n\t\t\t\t\t<\/div>\n\t\t<\/div>\n\t\t\t\t\t<\/div>\n\t\t<\/section>\n\t\t\t\t<\/div>\n\t\t","protected":false},"excerpt":{"rendered":"<p>GANO CAFE 3 IN 1 Gano Cafe 3 in 1, d\u00fcnyada kahve ve Ganoderma Lucidum kombinasyonu ile t\u00fcketiciye sunula&#8230; GANOCAFE CLASSIC Ganocafe Classic, Ganoderma Lucidum \u00f6z\u00fc ile kahveden harmanlanan haz\u0131r&hellip;<\/p>\n","protected":false},"author":1,"featured_media":0,"parent":0,"menu_order":0,"comment_status":"closed","ping_status":"closed","template":"","meta":{"saved_in_kubio":false,"footnotes":""},"class_list":["post-36","page","type-page","status-publish","hentry"],"kubio_ai_page_context":{"short_desc":"","purpose":"general"},"_links":{"self":[{"href":"https:\/\/ganoyanimda.com.tr\/index.php?rest_route=\/wp\/v2\/pages\/36","targetHints":{"allow":["GET"]}}],"collection":[{"href":"https:\/\/ganoyanimda.com.tr\/index.php?rest_route=\/wp\/v2\/pages"}],"about":[{"href":"https:\/\/ganoyanimda.com.tr\/index.php?rest_route=\/wp\/v2\/types\/page"}],"author":[{"embeddable":true,"href":"https:\/\/ganoyanimda.com.tr\/index.php?rest_route=\/wp\/v2\/users\/1"}],"replies":[{"embeddable":true,"href":"https:\/\/ganoyanimda.com.tr\/index.php?rest_route=%2Fwp%2Fv2%2Fcomments&post=36"}],"version-history":[{"count":49,"href":"https:\/\/ganoyanimda.com.tr\/index.php?rest_route=\/wp\/v2\/pages\/36\/revisions"}],"predecessor-version":[{"id":825,"href":"https:\/\/ganoyanimda.com.tr\/index.php?rest_route=\/wp\/v2\/pages\/36\/revisions\/825"}],"wp:attachment":[{"href":"https:\/\/ganoyanimda.com.tr\/index.php?rest_route=%2Fwp%2Fv2%2Fmedia&parent=36"}],"curies":[{"name":"wp","href":"https:\/\/api.w.org\/{rel}","templated":true}]}}