{"id":400,"date":"2025-07-13T12:38:59","date_gmt":"2025-07-13T09:38:59","guid":{"rendered":"http:\/\/ganoyanimda.com.tr\/?page_id=400"},"modified":"2025-07-13T13:26:28","modified_gmt":"2025-07-13T10:26:28","slug":"iletisim-2","status":"publish","type":"page","link":"https:\/\/ganoyanimda.com.tr\/?page_id=400","title":{"rendered":"\u0130LET\u0130\u015e\u0130M"},"content":{"rendered":"\t\t<div data-elementor-type=\"wp-page\" data-elementor-id=\"400\" class=\"elementor elementor-400\">\n\t\t\t\t\t\t<section class=\"has_eae_slider elementor-section elementor-top-section elementor-element elementor-element-5574cd5 elementor-section-boxed elementor-section-height-default elementor-section-height-default\" data-eae-slider=\"63476\" data-id=\"5574cd5\" data-element_type=\"section\">\n\t\t\t\t\t\t<div class=\"elementor-container elementor-column-gap-default\">\n\t\t\t\t\t<div class=\"has_eae_slider elementor-column elementor-col-50 elementor-top-column elementor-element elementor-element-1e2c45a\" data-eae-slider=\"97656\" data-id=\"1e2c45a\" data-element_type=\"column\" data-settings=\"{&quot;background_background&quot;:&quot;classic&quot;}\">\n\t\t\t<div class=\"elementor-widget-wrap elementor-element-populated\">\n\t\t\t\t\t\t<div class=\"elementor-element elementor-element-32279b9 elementor-widget elementor-widget-heading\" data-id=\"32279b9\" data-element_type=\"widget\" data-widget_type=\"heading.default\">\n\t\t\t\t\t<h2 class=\"elementor-heading-title elementor-size-default\">S\u0130PAR\u0130\u015e VE \u00dcCRETS\u0130Z \u00dcYEL\u0130K \u0130\u00c7\u0130N HEMEN ARAYIN<\/h2>\t\t\t\t<\/div>\n\t\t\t\t<div class=\"elementor-element elementor-element-d2a6056 elementor-widget elementor-widget-text-editor\" data-id=\"d2a6056\" data-element_type=\"widget\" data-widget_type=\"text-editor.default\">\n\t\t\t\t\t\t\t\t\t<h3><span style=\"vertical-align: inherit;\"><span style=\"vertical-align: inherit;\">\u00c7ALI\u015eMA ZAMANLARI:<\/span><\/span><\/h3>\n<h3><span style=\"vertical-align: inherit;\"><span style=\"vertical-align: inherit;\">Pazartesi-Cuma 08:00 -17:00<\/span><\/span><\/h3>\t\t\t\t\t\t\t\t<\/div>\n\t\t\t\t<div class=\"elementor-element elementor-element-3fdd492 elementor-widget elementor-widget-text-editor\" data-id=\"3fdd492\" data-element_type=\"widget\" data-widget_type=\"text-editor.default\">\n\t\t\t\t\t\t\t\t\t<p><b>\u00dccretsiz Kay\u0131t ve Sipari\u015f Telefon: 05432287543<\/b><\/p>\t\t\t\t\t\t\t\t<\/div>\n\t\t\t\t\t<\/div>\n\t\t<\/div>\n\t\t\t\t<div class=\"has_eae_slider elementor-column elementor-col-50 elementor-top-column elementor-element elementor-element-31bfea0\" data-eae-slider=\"22894\" data-id=\"31bfea0\" data-element_type=\"column\">\n\t\t\t<div class=\"elementor-widget-wrap\">\n\t\t\t\t\t\t\t<\/div>\n\t\t<\/div>\n\t\t\t\t\t<\/div>\n\t\t<\/section>\n\t\t\t\t<\/div>\n\t\t","protected":false},"excerpt":{"rendered":"<p>S\u0130PAR\u0130\u015e VE \u00dcCRETS\u0130Z \u00dcYEL\u0130K \u0130\u00c7\u0130N HEMEN ARAYIN \u00c7ALI\u015eMA ZAMANLARI: Pazartesi-Cuma 08:00 -17:00 \u00dccretsiz Kay\u0131t ve Sipari\u015f Telefon: 05432287543 B\u0130ZE ULA\u015eINBu formu bitirebilmek i\u00e7in taray\u0131c\u0131n\u0131zda JavaScript&#039;i etkinle\u015ftirin.Bu formu bitirebilmek i\u00e7in taray\u0131c\u0131n\u0131zda&hellip;<\/p>\n","protected":false},"author":1,"featured_media":0,"parent":0,"menu_order":0,"comment_status":"closed","ping_status":"closed","template":"","meta":{"saved_in_kubio":false,"footnotes":""},"class_list":["post-400","page","type-page","status-publish","hentry"],"kubio_ai_page_context":{"short_desc":"","purpose":"general"},"_links":{"self":[{"href":"https:\/\/ganoyanimda.com.tr\/index.php?rest_route=\/wp\/v2\/pages\/400","targetHints":{"allow":["GET"]}}],"collection":[{"href":"https:\/\/ganoyanimda.com.tr\/index.php?rest_route=\/wp\/v2\/pages"}],"about":[{"href":"https:\/\/ganoyanimda.com.tr\/index.php?rest_route=\/wp\/v2\/types\/page"}],"author":[{"embeddable":true,"href":"https:\/\/ganoyanimda.com.tr\/index.php?rest_route=\/wp\/v2\/users\/1"}],"replies":[{"embeddable":true,"href":"https:\/\/ganoyanimda.com.tr\/index.php?rest_route=%2Fwp%2Fv2%2Fcomments&post=400"}],"version-history":[{"count":10,"href":"https:\/\/ganoyanimda.com.tr\/index.php?rest_route=\/wp\/v2\/pages\/400\/revisions"}],"predecessor-version":[{"id":413,"href":"https:\/\/ganoyanimda.com.tr\/index.php?rest_route=\/wp\/v2\/pages\/400\/revisions\/413"}],"wp:attachment":[{"href":"https:\/\/ganoyanimda.com.tr\/index.php?rest_route=%2Fwp%2Fv2%2Fmedia&parent=400"}],"curies":[{"name":"wp","href":"https:\/\/api.w.org\/{rel}","templated":true}]}}