{"id":42,"date":"2025-07-06T21:18:52","date_gmt":"2025-07-06T18:18:52","guid":{"rendered":"http:\/\/ganoyanimda.com.tr\/?page_id=42"},"modified":"2025-07-13T18:29:10","modified_gmt":"2025-07-13T15:29:10","slug":"firsat","status":"publish","type":"page","link":"https:\/\/ganoyanimda.com.tr\/?page_id=42","title":{"rendered":"FIRSAT"},"content":{"rendered":"\t\t<div data-elementor-type=\"wp-page\" data-elementor-id=\"42\" class=\"elementor elementor-42\">\n\t\t\t\t\t\t<section class=\"has_eae_slider elementor-section elementor-top-section elementor-element elementor-element-5f61a70 elementor-section-boxed elementor-section-height-default elementor-section-height-default\" data-eae-slider=\"23352\" data-id=\"5f61a70\" data-element_type=\"section\">\n\t\t\t\t\t\t<div class=\"elementor-container elementor-column-gap-default\">\n\t\t\t\t\t<div class=\"has_eae_slider elementor-column elementor-col-100 elementor-top-column elementor-element elementor-element-002cd1b\" data-eae-slider=\"83023\" data-id=\"002cd1b\" data-element_type=\"column\">\n\t\t\t<div class=\"elementor-widget-wrap elementor-element-populated\">\n\t\t\t\t\t\t<div class=\"elementor-element elementor-element-c0d9fd6 elementor-widget__width-initial elementor-widget elementor-widget-image\" data-id=\"c0d9fd6\" data-element_type=\"widget\" data-widget_type=\"image.default\">\n\t\t\t\t\t\t\t\t\t\t\t\t\t\t\t<img fetchpriority=\"high\" decoding=\"async\" width=\"1024\" height=\"576\" src=\"https:\/\/ganoyanimda.com.tr\/wp-content\/uploads\/2025\/07\/UR-1024x576.jpeg\" class=\"attachment-large size-large wp-image-285\" alt=\"\" srcset=\"https:\/\/ganoyanimda.com.tr\/wp-content\/uploads\/2025\/07\/UR-1024x576.jpeg 1024w, https:\/\/ganoyanimda.com.tr\/wp-content\/uploads\/2025\/07\/UR-300x169.jpeg 300w, https:\/\/ganoyanimda.com.tr\/wp-content\/uploads\/2025\/07\/UR-768x432.jpeg 768w, https:\/\/ganoyanimda.com.tr\/wp-content\/uploads\/2025\/07\/UR.jpeg 1058w\" sizes=\"(max-width: 1024px) 100vw, 1024px\" \/>\t\t\t\t\t\t\t\t\t\t\t\t\t\t\t<\/div>\n\t\t\t\t\t<\/div>\n\t\t<\/div>\n\t\t\t\t\t<\/div>\n\t\t<\/section>\n\t\t\t\t<section class=\"has_eae_slider elementor-section elementor-top-section elementor-element elementor-element-8289ebc elementor-section-boxed elementor-section-height-default elementor-section-height-default\" data-eae-slider=\"19674\" data-id=\"8289ebc\" data-element_type=\"section\">\n\t\t\t\t\t\t<div class=\"elementor-container elementor-column-gap-default\">\n\t\t\t\t\t<div class=\"has_eae_slider elementor-column elementor-col-100 elementor-top-column elementor-element elementor-element-382c287\" data-eae-slider=\"13214\" data-id=\"382c287\" data-element_type=\"column\">\n\t\t\t<div class=\"elementor-widget-wrap elementor-element-populated\">\n\t\t\t\t\t\t<div class=\"elementor-element elementor-element-8a9feec elementor-widget elementor-widget-heading\" data-id=\"8a9feec\" data-element_type=\"widget\" data-widget_type=\"heading.default\">\n\t\t\t\t\t<h2 class=\"elementor-heading-title elementor-size-default\"><a href=\"http:\/\/ganoyanimda.com.tr\/?page_id=329\">\u00dcCRETS\u0130Z KAYIT OL \u00dcR\u00dcNLERE <br>%20 \u0130ND\u0130R\u0130ML\u0130 SAH\u0130P OL<\/a><\/h2>\t\t\t\t<\/div>\n\t\t\t\t\t<\/div>\n\t\t<\/div>\n\t\t\t\t\t<\/div>\n\t\t<\/section>\n\t\t\t\t<section class=\"has_eae_slider elementor-section elementor-top-section elementor-element elementor-element-8de5338 elementor-section-boxed elementor-section-height-default elementor-section-height-default\" data-eae-slider=\"1525\" data-id=\"8de5338\" data-element_type=\"section\">\n\t\t\t\t\t\t<div class=\"elementor-container elementor-column-gap-default\">\n\t\t\t\t\t<div class=\"has_eae_slider elementor-column elementor-col-100 elementor-top-column elementor-element elementor-element-837962d\" data-eae-slider=\"88617\" data-id=\"837962d\" data-element_type=\"column\">\n\t\t\t<div class=\"elementor-widget-wrap elementor-element-populated\">\n\t\t\t\t\t\t<div class=\"elementor-element elementor-element-c717d5f elementor-align-left elementor-widget elementor-widget-button\" data-id=\"c717d5f\" data-element_type=\"widget\" data-widget_type=\"button.default\">\n\t\t\t\t\t\t\t\t\t\t<a class=\"elementor-button elementor-button-link elementor-size-sm\" href=\"http:\/\/ganoyanimda.com.tr\/?page_id=329\">\n\t\t\t\t\t\t<span class=\"elementor-button-content-wrapper\">\n\t\t\t\t\t\t\t\t\t<span class=\"elementor-button-text\">DETAY<\/span>\n\t\t\t\t\t<\/span>\n\t\t\t\t\t<\/a>\n\t\t\t\t\t\t\t\t<\/div>\n\t\t\t\t<div class=\"elementor-element elementor-element-e8d6dce elementor-widget__width-initial elementor-widget elementor-widget-image\" data-id=\"e8d6dce\" data-element_type=\"widget\" data-widget_type=\"image.default\">\n\t\t\t\t\t\t\t\t\t\t\t\t\t\t\t<img decoding=\"async\" width=\"1024\" height=\"669\" src=\"https:\/\/ganoyanimda.com.tr\/wp-content\/uploads\/2025\/07\/WhatsApp-Image-2024-06-04-at-11.54.30-1024x669.jpeg\" class=\"attachment-large size-large wp-image-284\" alt=\"\" srcset=\"https:\/\/ganoyanimda.com.tr\/wp-content\/uploads\/2025\/07\/WhatsApp-Image-2024-06-04-at-11.54.30-1024x669.jpeg 1024w, https:\/\/ganoyanimda.com.tr\/wp-content\/uploads\/2025\/07\/WhatsApp-Image-2024-06-04-at-11.54.30-300x196.jpeg 300w, https:\/\/ganoyanimda.com.tr\/wp-content\/uploads\/2025\/07\/WhatsApp-Image-2024-06-04-at-11.54.30-768x502.jpeg 768w, https:\/\/ganoyanimda.com.tr\/wp-content\/uploads\/2025\/07\/WhatsApp-Image-2024-06-04-at-11.54.30.jpeg 1036w\" sizes=\"(max-width: 1024px) 100vw, 1024px\" \/>\t\t\t\t\t\t\t\t\t\t\t\t\t\t\t<\/div>\n\t\t\t\t<div class=\"elementor-element elementor-element-68a496d elementor-widget elementor-widget-heading\" data-id=\"68a496d\" data-element_type=\"widget\" data-widget_type=\"heading.default\">\n\t\t\t\t\t<h2 class=\"elementor-heading-title elementor-size-default\"><a href=\"http:\/\/ganoyanimda.com.tr\/?page_id=340\">YANINIZDA TA\u015eIYAB\u0130LECE\u011e\u0130N\u0130Z <br>B\u0130R \u0130\u015eE SAH\u0130P OLMAK \u0130STER M\u0130S\u0130N\u0130Z ?<\/a><\/h2>\t\t\t\t<\/div>\n\t\t\t\t\t<\/div>\n\t\t<\/div>\n\t\t\t\t\t<\/div>\n\t\t<\/section>\n\t\t\t\t<section class=\"has_eae_slider elementor-section elementor-top-section elementor-element elementor-element-0d5c334 elementor-section-boxed elementor-section-height-default elementor-section-height-default\" data-eae-slider=\"6392\" data-id=\"0d5c334\" data-element_type=\"section\">\n\t\t\t\t\t\t<div class=\"elementor-container elementor-column-gap-default\">\n\t\t\t\t\t<div class=\"has_eae_slider elementor-column elementor-col-100 elementor-top-column elementor-element elementor-element-366cff7\" data-eae-slider=\"48794\" data-id=\"366cff7\" data-element_type=\"column\">\n\t\t\t<div class=\"elementor-widget-wrap elementor-element-populated\">\n\t\t\t\t\t\t<div class=\"elementor-element elementor-element-c0386ef elementor-widget elementor-widget-button\" data-id=\"c0386ef\" data-element_type=\"widget\" data-widget_type=\"button.default\">\n\t\t\t\t\t\t\t\t\t\t<a class=\"elementor-button elementor-button-link elementor-size-sm\" href=\"http:\/\/ganoyanimda.com.tr\/?page_id=340\">\n\t\t\t\t\t\t<span class=\"elementor-button-content-wrapper\">\n\t\t\t\t\t\t\t\t\t<span class=\"elementor-button-text\">DETAY<\/span>\n\t\t\t\t\t<\/span>\n\t\t\t\t\t<\/a>\n\t\t\t\t\t\t\t\t<\/div>\n\t\t\t\t<div class=\"elementor-element elementor-element-c9b07fd elementor-widget__width-initial elementor-widget elementor-widget-image\" data-id=\"c9b07fd\" data-element_type=\"widget\" data-widget_type=\"image.default\">\n\t\t\t\t\t\t\t\t\t\t\t\t\t\t\t<img decoding=\"async\" width=\"750\" height=\"500\" src=\"https:\/\/ganoyanimda.com.tr\/wp-content\/uploads\/2025\/07\/Acik-Havada-Yapilabilecek-En-Etkili-Egzersizler.jpg\" class=\"attachment-large size-large wp-image-335\" alt=\"\" srcset=\"https:\/\/ganoyanimda.com.tr\/wp-content\/uploads\/2025\/07\/Acik-Havada-Yapilabilecek-En-Etkili-Egzersizler.jpg 750w, https:\/\/ganoyanimda.com.tr\/wp-content\/uploads\/2025\/07\/Acik-Havada-Yapilabilecek-En-Etkili-Egzersizler-300x200.jpg 300w\" sizes=\"(max-width: 750px) 100vw, 750px\" \/>\t\t\t\t\t\t\t\t\t\t\t\t\t\t\t<\/div>\n\t\t\t\t\t<\/div>\n\t\t<\/div>\n\t\t\t\t\t<\/div>\n\t\t<\/section>\n\t\t\t\t<section class=\"has_eae_slider elementor-section elementor-top-section elementor-element elementor-element-e4b727d elementor-section-boxed elementor-section-height-default elementor-section-height-default\" data-eae-slider=\"73776\" data-id=\"e4b727d\" data-element_type=\"section\">\n\t\t\t\t\t\t<div class=\"elementor-container elementor-column-gap-default\">\n\t\t\t\t\t<div class=\"has_eae_slider elementor-column elementor-col-100 elementor-top-column elementor-element elementor-element-35db44a\" data-eae-slider=\"64734\" data-id=\"35db44a\" data-element_type=\"column\">\n\t\t\t<div class=\"elementor-widget-wrap elementor-element-populated\">\n\t\t\t\t\t\t<div class=\"elementor-element elementor-element-7485a90 elementor-widget elementor-widget-heading\" data-id=\"7485a90\" data-element_type=\"widget\" data-widget_type=\"heading.default\">\n\t\t\t\t\t<h2 class=\"elementor-heading-title elementor-size-default\"><a href=\"http:\/\/ganoyanimda.com.tr\/?page_id=348\">Gano Excel ile Sa\u011fl\u0131kl\u0131 Ya\u015fam\u0131n Anahtar\u0131<\/a><\/h2>\t\t\t\t<\/div>\n\t\t\t\t\t<\/div>\n\t\t<\/div>\n\t\t\t\t\t<\/div>\n\t\t<\/section>\n\t\t\t\t<section class=\"has_eae_slider elementor-section elementor-top-section elementor-element elementor-element-bef485e elementor-section-boxed elementor-section-height-default elementor-section-height-default\" data-eae-slider=\"4125\" data-id=\"bef485e\" data-element_type=\"section\">\n\t\t\t\t\t\t<div class=\"elementor-container elementor-column-gap-default\">\n\t\t\t\t\t<div class=\"has_eae_slider elementor-column elementor-col-100 elementor-top-column elementor-element elementor-element-7b8fa61\" data-eae-slider=\"79610\" data-id=\"7b8fa61\" data-element_type=\"column\">\n\t\t\t<div class=\"elementor-widget-wrap elementor-element-populated\">\n\t\t\t\t\t\t<div class=\"elementor-element elementor-element-4fce900 elementor-widget elementor-widget-button\" data-id=\"4fce900\" data-element_type=\"widget\" data-widget_type=\"button.default\">\n\t\t\t\t\t\t\t\t\t\t<a class=\"elementor-button elementor-button-link elementor-size-sm\" href=\"http:\/\/ganoyanimda.com.tr\/?page_id=348\">\n\t\t\t\t\t\t<span class=\"elementor-button-content-wrapper\">\n\t\t\t\t\t\t\t\t\t<span class=\"elementor-button-text\">DETAY<\/span>\n\t\t\t\t\t<\/span>\n\t\t\t\t\t<\/a>\n\t\t\t\t\t\t\t\t<\/div>\n\t\t\t\t<div class=\"elementor-element elementor-element-286f529 elementor-widget__width-initial elementor-widget elementor-widget-image\" data-id=\"286f529\" data-element_type=\"widget\" data-widget_type=\"image.default\">\n\t\t\t\t\t\t\t\t\t\t\t\t\t\t\t<img loading=\"lazy\" decoding=\"async\" width=\"1024\" height=\"523\" src=\"https:\/\/ganoyanimda.com.tr\/wp-content\/uploads\/2025\/07\/WhatsApp-Image-2024-04-21-at-13.10.43-1024x523.jpeg\" class=\"attachment-large size-large wp-image-336\" alt=\"\" srcset=\"https:\/\/ganoyanimda.com.tr\/wp-content\/uploads\/2025\/07\/WhatsApp-Image-2024-04-21-at-13.10.43-1024x523.jpeg 1024w, https:\/\/ganoyanimda.com.tr\/wp-content\/uploads\/2025\/07\/WhatsApp-Image-2024-04-21-at-13.10.43-300x153.jpeg 300w, https:\/\/ganoyanimda.com.tr\/wp-content\/uploads\/2025\/07\/WhatsApp-Image-2024-04-21-at-13.10.43-768x392.jpeg 768w, https:\/\/ganoyanimda.com.tr\/wp-content\/uploads\/2025\/07\/WhatsApp-Image-2024-04-21-at-13.10.43.jpeg 1231w\" sizes=\"(max-width: 1024px) 100vw, 1024px\" \/>\t\t\t\t\t\t\t\t\t\t\t\t\t\t\t<\/div>\n\t\t\t\t<div class=\"elementor-element elementor-element-0791a11 elementor-widget elementor-widget-heading\" data-id=\"0791a11\" data-element_type=\"widget\" data-widget_type=\"heading.default\">\n\t\t\t\t\t<h2 class=\"elementor-heading-title elementor-size-default\"><a href=\"http:\/\/ganoyanimda.com.tr\/?page_id=346\">LUVOCO KAPS\u00dcL KAHVELER VE<br>LUVOCO FRACH\u0130SE ARTIK T\u00dcRK\u0130YE'DE SATI\u015eTA<\/a><\/h2>\t\t\t\t<\/div>\n\t\t\t\t<div class=\"elementor-element elementor-element-877ffea elementor-widget elementor-widget-button\" data-id=\"877ffea\" data-element_type=\"widget\" data-widget_type=\"button.default\">\n\t\t\t\t\t\t\t\t\t\t<a class=\"elementor-button elementor-button-link elementor-size-sm\" href=\"http:\/\/ganoyanimda.com.tr\/?page_id=346\">\n\t\t\t\t\t\t<span class=\"elementor-button-content-wrapper\">\n\t\t\t\t\t\t\t\t\t<span class=\"elementor-button-text\">DETAY<\/span>\n\t\t\t\t\t<\/span>\n\t\t\t\t\t<\/a>\n\t\t\t\t\t\t\t\t<\/div>\n\t\t\t\t\t<\/div>\n\t\t<\/div>\n\t\t\t\t\t<\/div>\n\t\t<\/section>\n\t\t\t\t<section class=\"has_eae_slider elementor-section elementor-top-section elementor-element elementor-element-844078a elementor-section-boxed elementor-section-height-default elementor-section-height-default\" data-eae-slider=\"79488\" data-id=\"844078a\" data-element_type=\"section\">\n\t\t\t\t\t\t<div class=\"elementor-container elementor-column-gap-default\">\n\t\t\t\t\t<div class=\"has_eae_slider elementor-column elementor-col-100 elementor-top-column elementor-element elementor-element-d974b11\" data-eae-slider=\"72087\" data-id=\"d974b11\" data-element_type=\"column\">\n\t\t\t<div class=\"elementor-widget-wrap elementor-element-populated\">\n\t\t\t\t\t\t<div class=\"elementor-element elementor-element-9ff1edb elementor-widget__width-initial elementor-widget elementor-widget-image\" data-id=\"9ff1edb\" data-element_type=\"widget\" data-widget_type=\"image.default\">\n\t\t\t\t\t\t\t\t\t\t\t\t\t\t\t<img loading=\"lazy\" decoding=\"async\" width=\"1024\" height=\"581\" src=\"https:\/\/ganoyanimda.com.tr\/wp-content\/uploads\/2025\/07\/neCbHO2n0qQxYAX8LJzZw-1024x581.webp\" class=\"attachment-large size-large wp-image-431\" alt=\"\" srcset=\"https:\/\/ganoyanimda.com.tr\/wp-content\/uploads\/2025\/07\/neCbHO2n0qQxYAX8LJzZw-1024x581.webp 1024w, https:\/\/ganoyanimda.com.tr\/wp-content\/uploads\/2025\/07\/neCbHO2n0qQxYAX8LJzZw-300x170.webp 300w, https:\/\/ganoyanimda.com.tr\/wp-content\/uploads\/2025\/07\/neCbHO2n0qQxYAX8LJzZw-768x436.webp 768w, https:\/\/ganoyanimda.com.tr\/wp-content\/uploads\/2025\/07\/neCbHO2n0qQxYAX8LJzZw.webp 1080w\" sizes=\"(max-width: 1024px) 100vw, 1024px\" \/>\t\t\t\t\t\t\t\t\t\t\t\t\t\t\t<\/div>\n\t\t\t\t<div class=\"elementor-element elementor-element-532af7a elementor-widget elementor-widget-heading\" data-id=\"532af7a\" data-element_type=\"widget\" data-widget_type=\"heading.default\">\n\t\t\t\t\t<h2 class=\"elementor-heading-title elementor-size-default\"><a href=\"http:\/\/ganoyanimda.com.tr\/?page_id=340\">SERMAYES\u0130Z E-T\u0130CARET YAPMAK \u0130ST\u0130YORUM ? <br>D\u0130YORSAN...<\/a><\/h2>\t\t\t\t<\/div>\n\t\t\t\t<div class=\"elementor-element elementor-element-b825774 elementor-widget elementor-widget-button\" data-id=\"b825774\" data-element_type=\"widget\" data-widget_type=\"button.default\">\n\t\t\t\t\t\t\t\t\t\t<a class=\"elementor-button elementor-button-link elementor-size-sm\" href=\"http:\/\/ganoyanimda.com.tr\/?page_id=340\">\n\t\t\t\t\t\t<span class=\"elementor-button-content-wrapper\">\n\t\t\t\t\t\t\t\t\t<span class=\"elementor-button-text\">DETAY<\/span>\n\t\t\t\t\t<\/span>\n\t\t\t\t\t<\/a>\n\t\t\t\t\t\t\t\t<\/div>\n\t\t\t\t\t<\/div>\n\t\t<\/div>\n\t\t\t\t\t<\/div>\n\t\t<\/section>\n\t\t\t\t<\/div>\n\t\t","protected":false},"excerpt":{"rendered":"<p>\u00dcCRETS\u0130Z KAYIT OL \u00dcR\u00dcNLERE %20 \u0130ND\u0130R\u0130ML\u0130 SAH\u0130P OL DETAY YANINIZDA TA\u015eIYAB\u0130LECE\u011e\u0130N\u0130Z B\u0130R \u0130\u015eE SAH\u0130P OLMAK \u0130STER M\u0130S\u0130N\u0130Z ? DETAY Gano Excel ile Sa\u011fl\u0131kl\u0131 Ya\u015fam\u0131n Anahtar\u0131 DETAY LUVOCO KAPS\u00dcL KAHVELER VELUVOCO&hellip;<\/p>\n","protected":false},"author":1,"featured_media":0,"parent":0,"menu_order":0,"comment_status":"closed","ping_status":"closed","template":"","meta":{"saved_in_kubio":false,"footnotes":""},"class_list":["post-42","page","type-page","status-publish","hentry"],"kubio_ai_page_context":{"short_desc":"","purpose":"general"},"_links":{"self":[{"href":"https:\/\/ganoyanimda.com.tr\/index.php?rest_route=\/wp\/v2\/pages\/42","targetHints":{"allow":["GET"]}}],"collection":[{"href":"https:\/\/ganoyanimda.com.tr\/index.php?rest_route=\/wp\/v2\/pages"}],"about":[{"href":"https:\/\/ganoyanimda.com.tr\/index.php?rest_route=\/wp\/v2\/types\/page"}],"author":[{"embeddable":true,"href":"https:\/\/ganoyanimda.com.tr\/index.php?rest_route=\/wp\/v2\/users\/1"}],"replies":[{"embeddable":true,"href":"https:\/\/ganoyanimda.com.tr\/index.php?rest_route=%2Fwp%2Fv2%2Fcomments&post=42"}],"version-history":[{"count":25,"href":"https:\/\/ganoyanimda.com.tr\/index.php?rest_route=\/wp\/v2\/pages\/42\/revisions"}],"predecessor-version":[{"id":460,"href":"https:\/\/ganoyanimda.com.tr\/index.php?rest_route=\/wp\/v2\/pages\/42\/revisions\/460"}],"wp:attachment":[{"href":"https:\/\/ganoyanimda.com.tr\/index.php?rest_route=%2Fwp%2Fv2%2Fmedia&parent=42"}],"curies":[{"name":"wp","href":"https:\/\/api.w.org\/{rel}","templated":true}]}}