{"id":46,"date":"2025-07-06T21:20:26","date_gmt":"2025-07-06T18:20:26","guid":{"rendered":"http:\/\/ganoyanimda.com.tr\/?page_id=46"},"modified":"2025-07-09T22:40:05","modified_gmt":"2025-07-09T19:40:05","slug":"misyon-vizyon","status":"publish","type":"page","link":"https:\/\/ganoyanimda.com.tr\/?page_id=46","title":{"rendered":"AKRED\u0130TASYON VE SERT\u0130F\u0130KASYON"},"content":{"rendered":"\t\t<div data-elementor-type=\"wp-page\" data-elementor-id=\"46\" class=\"elementor elementor-46\">\n\t\t\t\t\t\t<section class=\"has_eae_slider elementor-section elementor-top-section elementor-element elementor-element-52f3966 elementor-section-boxed elementor-section-height-default elementor-section-height-default\" data-eae-slider=\"97117\" data-id=\"52f3966\" data-element_type=\"section\">\n\t\t\t\t\t\t<div class=\"elementor-container elementor-column-gap-default\">\n\t\t\t\t\t<div class=\"has_eae_slider elementor-column elementor-col-25 elementor-top-column elementor-element elementor-element-58502a2\" data-eae-slider=\"4585\" data-id=\"58502a2\" data-element_type=\"column\">\n\t\t\t<div class=\"elementor-widget-wrap elementor-element-populated\">\n\t\t\t\t\t\t<div class=\"elementor-element elementor-element-891af96 elementor-widget elementor-widget-image\" data-id=\"891af96\" data-element_type=\"widget\" data-widget_type=\"image.default\">\n\t\t\t\t\t\t\t\t\t\t\t\t\t\t\t<img decoding=\"async\" width=\"118\" height=\"108\" src=\"https:\/\/ganoyanimda.com.tr\/wp-content\/uploads\/2025\/07\/1.png\" class=\"attachment-large size-large wp-image-240\" alt=\"\" \/>\t\t\t\t\t\t\t\t\t\t\t\t\t\t\t<\/div>\n\t\t\t\t\t<\/div>\n\t\t<\/div>\n\t\t\t\t<div class=\"has_eae_slider elementor-column elementor-col-25 elementor-top-column elementor-element elementor-element-2ae9634\" data-eae-slider=\"54280\" data-id=\"2ae9634\" data-element_type=\"column\">\n\t\t\t<div class=\"elementor-widget-wrap elementor-element-populated\">\n\t\t\t\t\t\t<div class=\"elementor-element elementor-element-9ee2b34 elementor-widget elementor-widget-image\" data-id=\"9ee2b34\" data-element_type=\"widget\" data-widget_type=\"image.default\">\n\t\t\t\t\t\t\t\t\t\t\t\t\t\t\t<img decoding=\"async\" width=\"118\" height=\"108\" src=\"https:\/\/ganoyanimda.com.tr\/wp-content\/uploads\/2025\/07\/2.png\" class=\"attachment-large size-large wp-image-239\" alt=\"\" \/>\t\t\t\t\t\t\t\t\t\t\t\t\t\t\t<\/div>\n\t\t\t\t\t<\/div>\n\t\t<\/div>\n\t\t\t\t<div class=\"has_eae_slider elementor-column elementor-col-25 elementor-top-column elementor-element elementor-element-7b864b8\" data-eae-slider=\"63919\" data-id=\"7b864b8\" data-element_type=\"column\">\n\t\t\t<div class=\"elementor-widget-wrap elementor-element-populated\">\n\t\t\t\t\t\t<div class=\"elementor-element elementor-element-42a3af8 elementor-widget elementor-widget-image\" data-id=\"42a3af8\" data-element_type=\"widget\" data-widget_type=\"image.default\">\n\t\t\t\t\t\t\t\t\t\t\t\t\t\t\t<img decoding=\"async\" width=\"118\" height=\"108\" src=\"https:\/\/ganoyanimda.com.tr\/wp-content\/uploads\/2025\/07\/3.png\" class=\"attachment-large size-large wp-image-238\" alt=\"\" \/>\t\t\t\t\t\t\t\t\t\t\t\t\t\t\t<\/div>\n\t\t\t\t\t<\/div>\n\t\t<\/div>\n\t\t\t\t<div class=\"has_eae_slider elementor-column elementor-col-25 elementor-top-column elementor-element elementor-element-72d738b\" data-eae-slider=\"54705\" data-id=\"72d738b\" data-element_type=\"column\">\n\t\t\t<div class=\"elementor-widget-wrap elementor-element-populated\">\n\t\t\t\t\t\t<div class=\"elementor-element elementor-element-b16fcbf elementor-widget elementor-widget-image\" data-id=\"b16fcbf\" data-element_type=\"widget\" data-widget_type=\"image.default\">\n\t\t\t\t\t\t\t\t\t\t\t\t\t\t\t<img loading=\"lazy\" decoding=\"async\" width=\"118\" height=\"108\" src=\"https:\/\/ganoyanimda.com.tr\/wp-content\/uploads\/2025\/07\/4.png\" class=\"attachment-large size-large wp-image-237\" alt=\"\" \/>\t\t\t\t\t\t\t\t\t\t\t\t\t\t\t<\/div>\n\t\t\t\t\t<\/div>\n\t\t<\/div>\n\t\t\t\t\t<\/div>\n\t\t<\/section>\n\t\t\t\t<section class=\"has_eae_slider elementor-section elementor-top-section elementor-element elementor-element-da85576 elementor-section-boxed elementor-section-height-default elementor-section-height-default\" data-eae-slider=\"65719\" data-id=\"da85576\" data-element_type=\"section\">\n\t\t\t\t\t\t<div class=\"elementor-container elementor-column-gap-default\">\n\t\t\t\t\t<div class=\"has_eae_slider elementor-column elementor-col-25 elementor-top-column elementor-element elementor-element-46df524\" data-eae-slider=\"51002\" data-id=\"46df524\" data-element_type=\"column\">\n\t\t\t<div class=\"elementor-widget-wrap elementor-element-populated\">\n\t\t\t\t\t\t<div class=\"elementor-element elementor-element-cdfac7c elementor-widget elementor-widget-image\" data-id=\"cdfac7c\" data-element_type=\"widget\" data-widget_type=\"image.default\">\n\t\t\t\t\t\t\t\t\t\t\t\t\t\t\t<img loading=\"lazy\" decoding=\"async\" width=\"118\" height=\"108\" src=\"https:\/\/ganoyanimda.com.tr\/wp-content\/uploads\/2025\/07\/5.png\" class=\"attachment-large size-large wp-image-236\" alt=\"\" \/>\t\t\t\t\t\t\t\t\t\t\t\t\t\t\t<\/div>\n\t\t\t\t\t<\/div>\n\t\t<\/div>\n\t\t\t\t<div class=\"has_eae_slider elementor-column elementor-col-25 elementor-top-column elementor-element elementor-element-2b44f67\" data-eae-slider=\"73879\" data-id=\"2b44f67\" data-element_type=\"column\">\n\t\t\t<div class=\"elementor-widget-wrap elementor-element-populated\">\n\t\t\t\t\t\t<div class=\"elementor-element elementor-element-d8d1074 elementor-widget elementor-widget-image\" data-id=\"d8d1074\" data-element_type=\"widget\" data-widget_type=\"image.default\">\n\t\t\t\t\t\t\t\t\t\t\t\t\t\t\t<img loading=\"lazy\" decoding=\"async\" width=\"118\" height=\"108\" src=\"https:\/\/ganoyanimda.com.tr\/wp-content\/uploads\/2025\/07\/6.png\" class=\"attachment-large size-large wp-image-235\" alt=\"\" \/>\t\t\t\t\t\t\t\t\t\t\t\t\t\t\t<\/div>\n\t\t\t\t\t<\/div>\n\t\t<\/div>\n\t\t\t\t<div class=\"has_eae_slider elementor-column elementor-col-25 elementor-top-column elementor-element elementor-element-afc626f\" data-eae-slider=\"73035\" data-id=\"afc626f\" data-element_type=\"column\">\n\t\t\t<div class=\"elementor-widget-wrap elementor-element-populated\">\n\t\t\t\t\t\t<div class=\"elementor-element elementor-element-002c2f2 elementor-widget elementor-widget-image\" data-id=\"002c2f2\" data-element_type=\"widget\" data-widget_type=\"image.default\">\n\t\t\t\t\t\t\t\t\t\t\t\t\t\t\t<img loading=\"lazy\" decoding=\"async\" width=\"118\" height=\"108\" src=\"https:\/\/ganoyanimda.com.tr\/wp-content\/uploads\/2025\/07\/7.png\" class=\"attachment-large size-large wp-image-234\" alt=\"\" \/>\t\t\t\t\t\t\t\t\t\t\t\t\t\t\t<\/div>\n\t\t\t\t\t<\/div>\n\t\t<\/div>\n\t\t\t\t<div class=\"has_eae_slider elementor-column elementor-col-25 elementor-top-column elementor-element elementor-element-52edf5a\" data-eae-slider=\"13855\" data-id=\"52edf5a\" data-element_type=\"column\">\n\t\t\t<div class=\"elementor-widget-wrap elementor-element-populated\">\n\t\t\t\t\t\t<div class=\"elementor-element elementor-element-1017f07 elementor-widget elementor-widget-image\" data-id=\"1017f07\" data-element_type=\"widget\" data-widget_type=\"image.default\">\n\t\t\t\t\t\t\t\t\t\t\t\t\t\t\t<img loading=\"lazy\" decoding=\"async\" width=\"118\" height=\"108\" src=\"https:\/\/ganoyanimda.com.tr\/wp-content\/uploads\/2025\/07\/8.png\" class=\"attachment-large size-large wp-image-233\" alt=\"\" \/>\t\t\t\t\t\t\t\t\t\t\t\t\t\t\t<\/div>\n\t\t\t\t\t<\/div>\n\t\t<\/div>\n\t\t\t\t\t<\/div>\n\t\t<\/section>\n\t\t\t\t<section class=\"has_eae_slider elementor-section elementor-top-section elementor-element elementor-element-73fbfcc elementor-section-boxed elementor-section-height-default elementor-section-height-default\" data-eae-slider=\"49486\" data-id=\"73fbfcc\" data-element_type=\"section\">\n\t\t\t\t\t\t<div class=\"elementor-container elementor-column-gap-default\">\n\t\t\t\t\t<div class=\"has_eae_slider elementor-column elementor-col-25 elementor-top-column elementor-element elementor-element-bba71c7\" data-eae-slider=\"23715\" data-id=\"bba71c7\" data-element_type=\"column\">\n\t\t\t<div class=\"elementor-widget-wrap elementor-element-populated\">\n\t\t\t\t\t\t<div class=\"elementor-element elementor-element-3c2b4d4 elementor-widget elementor-widget-image\" data-id=\"3c2b4d4\" data-element_type=\"widget\" data-widget_type=\"image.default\">\n\t\t\t\t\t\t\t\t\t\t\t\t\t\t\t<img loading=\"lazy\" decoding=\"async\" width=\"118\" height=\"108\" src=\"https:\/\/ganoyanimda.com.tr\/wp-content\/uploads\/2025\/07\/9.png\" class=\"attachment-large size-large wp-image-232\" alt=\"\" \/>\t\t\t\t\t\t\t\t\t\t\t\t\t\t\t<\/div>\n\t\t\t\t\t<\/div>\n\t\t<\/div>\n\t\t\t\t<div class=\"has_eae_slider elementor-column elementor-col-25 elementor-top-column elementor-element elementor-element-aaa2b91\" data-eae-slider=\"2491\" data-id=\"aaa2b91\" data-element_type=\"column\">\n\t\t\t<div class=\"elementor-widget-wrap elementor-element-populated\">\n\t\t\t\t\t\t<div class=\"elementor-element elementor-element-3417336 elementor-widget elementor-widget-image\" data-id=\"3417336\" data-element_type=\"widget\" data-widget_type=\"image.default\">\n\t\t\t\t\t\t\t\t\t\t\t\t\t\t\t<img loading=\"lazy\" decoding=\"async\" width=\"118\" height=\"108\" src=\"https:\/\/ganoyanimda.com.tr\/wp-content\/uploads\/2025\/07\/10.png\" class=\"attachment-large size-large wp-image-231\" alt=\"\" \/>\t\t\t\t\t\t\t\t\t\t\t\t\t\t\t<\/div>\n\t\t\t\t\t<\/div>\n\t\t<\/div>\n\t\t\t\t<div class=\"has_eae_slider elementor-column elementor-col-25 elementor-top-column elementor-element elementor-element-2260914\" data-eae-slider=\"33065\" data-id=\"2260914\" data-element_type=\"column\">\n\t\t\t<div class=\"elementor-widget-wrap elementor-element-populated\">\n\t\t\t\t\t\t<div class=\"elementor-element elementor-element-83639de elementor-widget elementor-widget-image\" data-id=\"83639de\" data-element_type=\"widget\" data-widget_type=\"image.default\">\n\t\t\t\t\t\t\t\t\t\t\t\t\t\t\t<img loading=\"lazy\" decoding=\"async\" width=\"118\" height=\"108\" src=\"https:\/\/ganoyanimda.com.tr\/wp-content\/uploads\/2025\/07\/11.png\" class=\"attachment-large size-large wp-image-230\" alt=\"\" \/>\t\t\t\t\t\t\t\t\t\t\t\t\t\t\t<\/div>\n\t\t\t\t\t<\/div>\n\t\t<\/div>\n\t\t\t\t<div class=\"has_eae_slider elementor-column elementor-col-25 elementor-top-column elementor-element elementor-element-3469e91\" data-eae-slider=\"48153\" data-id=\"3469e91\" data-element_type=\"column\">\n\t\t\t<div class=\"elementor-widget-wrap elementor-element-populated\">\n\t\t\t\t\t\t<div class=\"elementor-element elementor-element-0ee594d elementor-widget elementor-widget-image\" data-id=\"0ee594d\" data-element_type=\"widget\" data-widget_type=\"image.default\">\n\t\t\t\t\t\t\t\t\t\t\t\t\t\t\t<img loading=\"lazy\" decoding=\"async\" width=\"118\" height=\"108\" src=\"https:\/\/ganoyanimda.com.tr\/wp-content\/uploads\/2025\/07\/12.png\" class=\"attachment-large size-large wp-image-229\" alt=\"\" \/>\t\t\t\t\t\t\t\t\t\t\t\t\t\t\t<\/div>\n\t\t\t\t\t<\/div>\n\t\t<\/div>\n\t\t\t\t\t<\/div>\n\t\t<\/section>\n\t\t\t\t<section class=\"has_eae_slider elementor-section elementor-top-section elementor-element elementor-element-6edd935 elementor-section-boxed elementor-section-height-default elementor-section-height-default\" data-eae-slider=\"33620\" data-id=\"6edd935\" data-element_type=\"section\">\n\t\t\t\t\t\t<div class=\"elementor-container elementor-column-gap-default\">\n\t\t\t\t\t<div class=\"has_eae_slider elementor-column elementor-col-25 elementor-top-column elementor-element elementor-element-4cf3f5e\" data-eae-slider=\"57995\" data-id=\"4cf3f5e\" data-element_type=\"column\">\n\t\t\t<div class=\"elementor-widget-wrap elementor-element-populated\">\n\t\t\t\t\t\t<div class=\"elementor-element elementor-element-4c02157 elementor-widget elementor-widget-image\" data-id=\"4c02157\" data-element_type=\"widget\" data-widget_type=\"image.default\">\n\t\t\t\t\t\t\t\t\t\t\t\t\t\t\t<img loading=\"lazy\" decoding=\"async\" width=\"118\" height=\"108\" src=\"https:\/\/ganoyanimda.com.tr\/wp-content\/uploads\/2025\/07\/13.png\" class=\"attachment-large size-large wp-image-228\" alt=\"\" \/>\t\t\t\t\t\t\t\t\t\t\t\t\t\t\t<\/div>\n\t\t\t\t\t<\/div>\n\t\t<\/div>\n\t\t\t\t<div class=\"has_eae_slider elementor-column elementor-col-25 elementor-top-column elementor-element elementor-element-5b00a2d\" data-eae-slider=\"5287\" data-id=\"5b00a2d\" data-element_type=\"column\">\n\t\t\t<div class=\"elementor-widget-wrap elementor-element-populated\">\n\t\t\t\t\t\t<div class=\"elementor-element elementor-element-1092a3f elementor-widget elementor-widget-image\" data-id=\"1092a3f\" data-element_type=\"widget\" data-widget_type=\"image.default\">\n\t\t\t\t\t\t\t\t\t\t\t\t\t\t\t<img loading=\"lazy\" decoding=\"async\" width=\"118\" height=\"108\" src=\"https:\/\/ganoyanimda.com.tr\/wp-content\/uploads\/2025\/07\/14.png\" class=\"attachment-large size-large wp-image-227\" alt=\"\" \/>\t\t\t\t\t\t\t\t\t\t\t\t\t\t\t<\/div>\n\t\t\t\t\t<\/div>\n\t\t<\/div>\n\t\t\t\t<div class=\"has_eae_slider elementor-column elementor-col-25 elementor-top-column elementor-element elementor-element-fd4fb15\" data-eae-slider=\"781\" data-id=\"fd4fb15\" data-element_type=\"column\">\n\t\t\t<div class=\"elementor-widget-wrap elementor-element-populated\">\n\t\t\t\t\t\t<div class=\"elementor-element elementor-element-e9297c8 elementor-widget elementor-widget-image\" data-id=\"e9297c8\" data-element_type=\"widget\" data-widget_type=\"image.default\">\n\t\t\t\t\t\t\t\t\t\t\t\t\t\t\t<img loading=\"lazy\" decoding=\"async\" width=\"117\" height=\"108\" src=\"https:\/\/ganoyanimda.com.tr\/wp-content\/uploads\/2025\/07\/15.png\" class=\"attachment-large size-large wp-image-226\" alt=\"\" \/>\t\t\t\t\t\t\t\t\t\t\t\t\t\t\t<\/div>\n\t\t\t\t\t<\/div>\n\t\t<\/div>\n\t\t\t\t<div class=\"has_eae_slider elementor-column elementor-col-25 elementor-top-column elementor-element elementor-element-230f4db\" data-eae-slider=\"35092\" data-id=\"230f4db\" data-element_type=\"column\">\n\t\t\t<div class=\"elementor-widget-wrap elementor-element-populated\">\n\t\t\t\t\t\t<div class=\"elementor-element elementor-element-04294e2 elementor-widget elementor-widget-image\" data-id=\"04294e2\" data-element_type=\"widget\" data-widget_type=\"image.default\">\n\t\t\t\t\t\t\t\t\t\t\t\t\t\t\t<img loading=\"lazy\" decoding=\"async\" width=\"118\" height=\"108\" src=\"https:\/\/ganoyanimda.com.tr\/wp-content\/uploads\/2025\/07\/16.png\" class=\"attachment-large size-large wp-image-225\" alt=\"\" \/>\t\t\t\t\t\t\t\t\t\t\t\t\t\t\t<\/div>\n\t\t\t\t\t<\/div>\n\t\t<\/div>\n\t\t\t\t\t<\/div>\n\t\t<\/section>\n\t\t\t\t<section class=\"has_eae_slider elementor-section elementor-top-section elementor-element elementor-element-2e152cf elementor-section-boxed elementor-section-height-default elementor-section-height-default\" data-eae-slider=\"74503\" data-id=\"2e152cf\" data-element_type=\"section\">\n\t\t\t\t\t\t<div class=\"elementor-container elementor-column-gap-default\">\n\t\t\t\t\t<div class=\"has_eae_slider elementor-column elementor-col-25 elementor-top-column elementor-element elementor-element-fae52b9\" data-eae-slider=\"62935\" data-id=\"fae52b9\" data-element_type=\"column\">\n\t\t\t<div class=\"elementor-widget-wrap elementor-element-populated\">\n\t\t\t\t\t\t<div class=\"elementor-element elementor-element-644202b elementor-widget elementor-widget-image\" data-id=\"644202b\" data-element_type=\"widget\" data-widget_type=\"image.default\">\n\t\t\t\t\t\t\t\t\t\t\t\t\t\t\t<img loading=\"lazy\" decoding=\"async\" width=\"118\" height=\"108\" src=\"https:\/\/ganoyanimda.com.tr\/wp-content\/uploads\/2025\/07\/17.png\" class=\"attachment-large size-large wp-image-224\" alt=\"\" \/>\t\t\t\t\t\t\t\t\t\t\t\t\t\t\t<\/div>\n\t\t\t\t\t<\/div>\n\t\t<\/div>\n\t\t\t\t<div class=\"has_eae_slider elementor-column elementor-col-25 elementor-top-column elementor-element elementor-element-6d529d8\" data-eae-slider=\"53912\" data-id=\"6d529d8\" data-element_type=\"column\">\n\t\t\t<div class=\"elementor-widget-wrap elementor-element-populated\">\n\t\t\t\t\t\t<div class=\"elementor-element elementor-element-9a9bde3 elementor-widget elementor-widget-image\" data-id=\"9a9bde3\" data-element_type=\"widget\" data-widget_type=\"image.default\">\n\t\t\t\t\t\t\t\t\t\t\t\t\t\t\t<img loading=\"lazy\" decoding=\"async\" width=\"117\" height=\"108\" src=\"https:\/\/ganoyanimda.com.tr\/wp-content\/uploads\/2025\/07\/18.png\" class=\"attachment-large size-large wp-image-223\" alt=\"\" \/>\t\t\t\t\t\t\t\t\t\t\t\t\t\t\t<\/div>\n\t\t\t\t\t<\/div>\n\t\t<\/div>\n\t\t\t\t<div class=\"has_eae_slider elementor-column elementor-col-25 elementor-top-column elementor-element elementor-element-cbaeec0\" data-eae-slider=\"88324\" data-id=\"cbaeec0\" data-element_type=\"column\">\n\t\t\t<div class=\"elementor-widget-wrap elementor-element-populated\">\n\t\t\t\t\t\t<div class=\"elementor-element elementor-element-58566b3 elementor-widget elementor-widget-image\" data-id=\"58566b3\" data-element_type=\"widget\" data-widget_type=\"image.default\">\n\t\t\t\t\t\t\t\t\t\t\t\t\t\t\t<img loading=\"lazy\" decoding=\"async\" width=\"118\" height=\"108\" src=\"https:\/\/ganoyanimda.com.tr\/wp-content\/uploads\/2025\/07\/19.png\" class=\"attachment-large size-large wp-image-222\" alt=\"\" \/>\t\t\t\t\t\t\t\t\t\t\t\t\t\t\t<\/div>\n\t\t\t\t\t<\/div>\n\t\t<\/div>\n\t\t\t\t<div class=\"has_eae_slider elementor-column elementor-col-25 elementor-top-column elementor-element elementor-element-fc4bdf0\" data-eae-slider=\"42077\" data-id=\"fc4bdf0\" data-element_type=\"column\">\n\t\t\t<div class=\"elementor-widget-wrap\">\n\t\t\t\t\t\t\t<\/div>\n\t\t<\/div>\n\t\t\t\t\t<\/div>\n\t\t<\/section>\n\t\t\t\t<section class=\"has_eae_slider elementor-section elementor-top-section elementor-element elementor-element-a0ecb28 elementor-section-boxed elementor-section-height-default elementor-section-height-default\" data-eae-slider=\"18892\" data-id=\"a0ecb28\" data-element_type=\"section\">\n\t\t\t\t\t\t<div class=\"elementor-container elementor-column-gap-default\">\n\t\t\t\t\t<div class=\"has_eae_slider elementor-column elementor-col-100 elementor-top-column elementor-element elementor-element-543c244\" data-eae-slider=\"42253\" data-id=\"543c244\" data-element_type=\"column\">\n\t\t\t<div class=\"elementor-widget-wrap elementor-element-populated\">\n\t\t\t\t\t\t<div class=\"elementor-element elementor-element-e5e37f9 elementor-widget elementor-widget-text-editor\" data-id=\"e5e37f9\" data-element_type=\"widget\" data-widget_type=\"text-editor.default\">\n\t\t\t\t\t\t\t\t\t<p>\u2022 G\u0131da G\u00fcvenli\u011fi G\u00fcvence Sistemi \u2022 GMP G\u0131da G\u00fcvenli\u011fi Malezya \u2022 HELAL Sertifikas\u0131 \u2022 Malezya Do\u011frudan Sat\u0131\u015f Derne\u011fi (DSAM) \u2022 Malezya \u0130la\u00e7 Kontrol Otoritesi \u2022 My Organic Malaysia \u2022 MyCO2 Ye\u015fil Laboratuvar \u2022 Avustralya H\u00fck\u00fcmeti (Avustralya Karantina ve Tefti\u015f Servisi) \u2022 Avustralya H\u00fck\u00fcmeti (Sa\u011fl\u0131k Bakanl\u0131\u011f\u0131 Terap\u00f6tik \u00dcr\u00fcnler \u0130daresi) \u2022 Sa\u011fl\u0131k Bilimleri Otoritesi \u2022 Filipinler G\u0131da ve \u0130la\u00e7 \u0130daresi \u2022 Badan Pengawas Obat dan Makanan (BADAN POM) \u2022 Instituto Nacional de Vigilancia de Medicamentos y Alimentos \u2022 Kambo\u00e7ya Sa\u011fl\u0131k Bakanl\u0131\u011f\u0131 \u2022 Malezya Akreditasyonu \u2022 Sistem Sertifikasyonu (SGS) \u2022 UKAS y\u00f6netim sistemi \u2022 Biyokimya Hassas Teknolojisi<\/p>\t\t\t\t\t\t\t\t<\/div>\n\t\t\t\t\t<\/div>\n\t\t<\/div>\n\t\t\t\t\t<\/div>\n\t\t<\/section>\n\t\t\t\t<\/div>\n\t\t","protected":false},"excerpt":{"rendered":"<p>\u2022 G\u0131da G\u00fcvenli\u011fi G\u00fcvence Sistemi \u2022 GMP G\u0131da G\u00fcvenli\u011fi Malezya \u2022 HELAL Sertifikas\u0131 \u2022 Malezya Do\u011frudan Sat\u0131\u015f Derne\u011fi (DSAM) \u2022 Malezya \u0130la\u00e7 Kontrol Otoritesi \u2022 My Organic Malaysia \u2022 MyCO2&hellip;<\/p>\n","protected":false},"author":1,"featured_media":0,"parent":0,"menu_order":0,"comment_status":"closed","ping_status":"closed","template":"","meta":{"saved_in_kubio":false,"footnotes":""},"class_list":["post-46","page","type-page","status-publish","hentry"],"kubio_ai_page_context":{"short_desc":"","purpose":"general"},"_links":{"self":[{"href":"https:\/\/ganoyanimda.com.tr\/index.php?rest_route=\/wp\/v2\/pages\/46","targetHints":{"allow":["GET"]}}],"collection":[{"href":"https:\/\/ganoyanimda.com.tr\/index.php?rest_route=\/wp\/v2\/pages"}],"about":[{"href":"https:\/\/ganoyanimda.com.tr\/index.php?rest_route=\/wp\/v2\/types\/page"}],"author":[{"embeddable":true,"href":"https:\/\/ganoyanimda.com.tr\/index.php?rest_route=\/wp\/v2\/users\/1"}],"replies":[{"embeddable":true,"href":"https:\/\/ganoyanimda.com.tr\/index.php?rest_route=%2Fwp%2Fv2%2Fcomments&post=46"}],"version-history":[{"count":5,"href":"https:\/\/ganoyanimda.com.tr\/index.php?rest_route=\/wp\/v2\/pages\/46\/revisions"}],"predecessor-version":[{"id":245,"href":"https:\/\/ganoyanimda.com.tr\/index.php?rest_route=\/wp\/v2\/pages\/46\/revisions\/245"}],"wp:attachment":[{"href":"https:\/\/ganoyanimda.com.tr\/index.php?rest_route=%2Fwp%2Fv2%2Fmedia&parent=46"}],"curies":[{"name":"wp","href":"https:\/\/api.w.org\/{rel}","templated":true}]}}